{"id":55,"date":"2014-10-24T21:45:20","date_gmt":"2014-10-24T20:45:20","guid":{"rendered":"http:\/\/www.duvisuel.ch\/rimaayache\/?page_id=55"},"modified":"2020-11-29T21:41:56","modified_gmt":"2020-11-29T20:41:56","slug":"spirit-and-matter-2","status":"publish","type":"page","link":"http:\/\/www.duvisuel.ch\/rimaayache\/?page_id=55","title":{"rendered":"books 2019"},"content":{"rendered":"<section id=\"builder-section-1414325967913\" class=\"builder-section builder-section-first builder-section-gallery builder-section-last builder-gallery-columns-3 builder-gallery-captions-reveal builder-gallery-captions-light builder-gallery-aspect-square\">\n<div class=\"builder-section-content\">\n<div class=\"builder-gallery-item\">\n<figure class=\"builder-gallery-image\" style=\"background-image: url('http:\/\/www.duvisuel.ch\/rimaayache\/wp-content\/uploads\/books\/spirit-and-matter-1.jpg');\"><\/figure>\n<div class=\"builder-gallery-content\">\n<div class=\"builder-gallery-description\">\n<p><a href=\"http:\/\/www.duvisuel.ch\/rimaayache\/wp-content\/uploads\/books\/Spirit-and-Matter-14.pdf\">spirit and matter<\/a><\/p>\n<\/div>\n<\/div>\n<\/div>\n<div class=\"builder-gallery-item last-2\">\n<figure class=\"builder-gallery-image\" style=\"background-image: url('http:\/\/www.duvisuel.ch\/rimaayache\/wp-content\/uploads\/projet-Bellevue_02.jpg');\"><\/figure>\n<div class=\"builder-gallery-content\">\n<div class=\"builder-gallery-description\">\n<p><a href=\"http:\/\/www.duvisuel.ch\/rimaayache\/wp-content\/uploads\/Projet-Bellevue-web-2015.pdf\">projet bellevue<\/a><\/p>\n<\/div>\n<\/div>\n<\/div>\n<div class=\"builder-gallery-item last-3\">\n<figure class=\"builder-gallery-image\" style=\"background-image: url('http:\/\/www.duvisuel.ch\/rimaayache\/wp-content\/uploads\/image-capsule.jpg');\"><\/figure>\n<div class=\"builder-gallery-content\">\n<div class=\"builder-gallery-description\">\n<p><a href=\"http:\/\/www.duvisuel.ch\/rimaayache\/wp-content\/uploads\/capsules-2013_web.pdf\">capsules<\/a><\/p>\n<\/div>\n<\/div>\n<\/div>\n<div class=\"builder-gallery-item last-2\">\n<figure class=\"builder-gallery-image\" style=\"background-image: url('http:\/\/www.duvisuel.ch\/rimaayache\/wp-content\/uploads\/Espaces-r\u00e9siduels.jpg');\"><\/figure>\n<div class=\"builder-gallery-content\">\n<div class=\"builder-gallery-description\">\n<p><a href=\"http:\/\/www.duvisuel.ch\/rimaayache\/wp-content\/uploads\/books\/Espaces-r\u00e9siduels_RLV.pdf\">espaces r\u00e9siduels<\/a><\/p>\n<\/div>\n<\/div>\n<\/div>\n<div class=\"builder-gallery-item\">\n<figure class=\"builder-gallery-image\" style=\"background-image: url('http:\/\/www.duvisuel.ch\/rimaayache\/wp-content\/uploads\/books\/Intermondes-1000x697.jpg');\"><\/figure>\n<div class=\"builder-gallery-content\">\n<div class=\"builder-gallery-description\">\n<p><a href=\"http:\/\/www.duvisuel.ch\/rimaayache\/wp-content\/uploads\/books\/Intermondes.pdf\">intermondes<\/a><\/p>\n<\/div>\n<\/div>\n<\/div>\n<div class=\"builder-gallery-item last-3 last-2\">\n<figure class=\"builder-gallery-image\" style=\"background-image: url('http:\/\/www.duvisuel.ch\/rimaayache\/wp-content\/uploads\/books\/Ricoland.PG_.jpg');\"><\/figure>\n<div class=\"builder-gallery-content\">\n<div class=\"builder-gallery-description\">\n<p><a href=\"http:\/\/www.duvisuel.ch\/rimaayache\/wp-content\/uploads\/books\/Ricoland.pdf\">ricoland<\/a><\/p>\n<\/div>\n<\/div>\n<\/div>\n<div class=\"builder-gallery-item\">\n<figure class=\"builder-gallery-image\" style=\"background-image: url('http:\/\/www.duvisuel.ch\/rimaayache\/wp-content\/uploads\/books\/Genius-loci.jpg');\"><\/figure>\n<div class=\"builder-gallery-content\">\n<div class=\"builder-gallery-description\">\n<p><a href=\"http:\/\/www.duvisuel.ch\/rimaayache\/wp-content\/uploads\/books\/Genius-Loci.pdf\">genius loci<\/a><\/p>\n<\/div>\n<\/div>\n<\/div>\n<div class=\"builder-gallery-item last-2\">\n<figure class=\"builder-gallery-image\" style=\"background-image: url('http:\/\/www.duvisuel.ch\/rimaayache\/wp-content\/uploads\/Blackout.jpg');\"><\/figure>\n<div class=\"builder-gallery-content\">\n<div class=\"builder-gallery-description\">\n<p><a href=\"http:\/\/www.duvisuel.ch\/rimaayache\/wp-content\/uploads\/books\/Blackout.pdf\">blackout<\/a><\/p>\n<\/div>\n<\/div>\n<\/div>\n<div class=\"builder-gallery-item last-3\">\n<figure class=\"builder-gallery-image\" style=\"background-image: url('http:\/\/www.duvisuel.ch\/rimaayache\/wp-content\/uploads\/books\/El\u00e9mentaux.jpg');\"><\/figure>\n<div class=\"builder-gallery-content\">\n<div class=\"builder-gallery-description\">\n<p><a href=\"http:\/\/www.duvisuel.ch\/rimaayache\/wp-content\/uploads\/books\/El\u00e9mentaux.pdf\">El\u00e9mentaux<\/a><\/p>\n<\/div>\n<\/div>\n<\/div>\n<div class=\"builder-gallery-item last-2\">\n<figure class=\"builder-gallery-image\" style=\"background-image: url('http:\/\/www.duvisuel.ch\/rimaayache\/wp-content\/uploads\/never-come-back.jpg');\"><\/figure>\n<div class=\"builder-gallery-content\">\n<div class=\"builder-gallery-description\">\n<p><a href=\"http:\/\/www.duvisuel.ch\/rimaayache\/wp-content\/uploads\/Never-come-back.pdf\">Never come back<\/a><\/p>\n<\/div>\n<\/div>\n<\/div>\n<div class=\"builder-gallery-item\">\n<figure class=\"builder-gallery-image\" style=\"background-image: url('http:\/\/www.duvisuel.ch\/rimaayache\/wp-content\/uploads\/horizons-viatiques.jpg');\"><\/figure>\n<div class=\"builder-gallery-content\">\n<div class=\"builder-gallery-description\">\n<p><a href=\"http:\/\/www.duvisuel.ch\/rimaayache\/wp-content\/uploads\/horizons-viatiques.pdf\">Horizons viatiques<\/a><\/p>\n<\/div>\n<\/div>\n<\/div>\n<div class=\"builder-gallery-item last-3 last-2\">\n<figure class=\"builder-gallery-image\" style=\"background-image: url('http:\/\/www.duvisuel.ch\/rimaayache\/wp-content\/uploads\/Cabinet-oes-curiosit\u00e9s.jpg');\"><\/figure>\n<div class=\"builder-gallery-content\">\n<div class=\"builder-gallery-description\">\n<p><a href=\"http:\/\/www.duvisuel.ch\/rimaayache\/wp-content\/uploads\/Cabinet-des-curiosit\u00e9s.pdf\">Cabinet des curiosit\u00e9s<\/a><\/p>\n<\/div>\n<\/div>\n<\/div>\n<div class=\"builder-gallery-item\">\n<figure class=\"builder-gallery-image\" style=\"background-image: url('http:\/\/www.duvisuel.ch\/rimaayache\/wp-content\/uploads\/Still-objects.jpg');\"><\/figure>\n<div class=\"builder-gallery-content\">\n<div class=\"builder-gallery-description\">\n<p><a href=\"http:\/\/www.duvisuel.ch\/rimaayache\/wp-content\/uploads\/Still-objects.pdf\">still objects<\/a><\/p>\n<\/div>\n<\/div>\n<\/div>\n<div class=\"builder-gallery-item last-2\">\n<figure class=\"builder-gallery-image\" style=\"background-image: url('http:\/\/www.duvisuel.ch\/rimaayache\/wp-content\/uploads\/All-chimical.jpg');\"><\/figure>\n<div class=\"builder-gallery-content\">\n<div class=\"builder-gallery-description\">\n<p><a href=\"http:\/\/www.duvisuel.ch\/rimaayache\/wp-content\/uploads\/all-chimical.pdf\">all chimical<\/a><\/p>\n<\/div>\n<\/div>\n<\/div>\n<div class=\"builder-gallery-item last-3\">\n<figure class=\"builder-gallery-image\" style=\"background-image: url('http:\/\/www.duvisuel.ch\/rimaayache\/wp-content\/uploads\/Un-des-mondes-possibles.jpg');\"><\/figure>\n<div class=\"builder-gallery-content\">\n<div class=\"builder-gallery-description\">\n<p><a href=\"http:\/\/www.duvisuel.ch\/rimaayache\/wp-content\/uploads\/Un-des-mondes-possibles.pdf\">un des mondes posssible<\/a><\/p>\n<p><\/p>\n<p><\/p>\n<\/div>\n<div class=\"builder-gallery-description\">&nbsp;<\/div>\n<\/div>\n<\/div>\n<\/div>\n<\/section>\n\n\n<p><\/p>\n","protected":false},"excerpt":{"rendered":"<p>spirit and matter projet bellevue capsules espaces r\u00e9siduels intermondes ricoland genius loci blackout El\u00e9mentaux Never come back Horizons viatiques Cabinet des curiosit\u00e9s still objects all chimical un des mondes posssible &nbsp;<\/p>\n","protected":false},"author":1,"featured_media":0,"parent":0,"menu_order":0,"comment_status":"closed","ping_status":"closed","template":"template-builder.php","meta":{"_exactmetrics_skip_tracking":false,"_exactmetrics_sitenote_active":false,"_exactmetrics_sitenote_note":"","_exactmetrics_sitenote_category":0,"footnotes":""},"_links":{"self":[{"href":"http:\/\/www.duvisuel.ch\/rimaayache\/index.php?rest_route=\/wp\/v2\/pages\/55"}],"collection":[{"href":"http:\/\/www.duvisuel.ch\/rimaayache\/index.php?rest_route=\/wp\/v2\/pages"}],"about":[{"href":"http:\/\/www.duvisuel.ch\/rimaayache\/index.php?rest_route=\/wp\/v2\/types\/page"}],"author":[{"embeddable":true,"href":"http:\/\/www.duvisuel.ch\/rimaayache\/index.php?rest_route=\/wp\/v2\/users\/1"}],"replies":[{"embeddable":true,"href":"http:\/\/www.duvisuel.ch\/rimaayache\/index.php?rest_route=%2Fwp%2Fv2%2Fcomments&post=55"}],"version-history":[{"count":95,"href":"http:\/\/www.duvisuel.ch\/rimaayache\/index.php?rest_route=\/wp\/v2\/pages\/55\/revisions"}],"predecessor-version":[{"id":828,"href":"http:\/\/www.duvisuel.ch\/rimaayache\/index.php?rest_route=\/wp\/v2\/pages\/55\/revisions\/828"}],"wp:attachment":[{"href":"http:\/\/www.duvisuel.ch\/rimaayache\/index.php?rest_route=%2Fwp%2Fv2%2Fmedia&parent=55"}],"curies":[{"name":"wp","href":"https:\/\/api.w.org\/{rel}","templated":true}]}}