{"id":803,"date":"2020-11-29T21:32:52","date_gmt":"2020-11-29T20:32:52","guid":{"rendered":"http:\/\/www.duvisuel.ch\/rimaayache\/?page_id=803"},"modified":"2020-11-29T21:41:12","modified_gmt":"2020-11-29T20:41:12","slug":"books-2","status":"publish","type":"page","link":"http:\/\/www.duvisuel.ch\/rimaayache\/?page_id=803","title":{"rendered":"books"},"content":{"rendered":"<section id=\"builder-section-banner_11\" class=\"builder-section-first builder-section builder-section-banner builder-section-next-gallery\" style=\"background-size: cover; background-repeat: no-repeat;background-position: center center;\">\n<div class=\"builder-section-content\">\n\t\t\t\t\t\t\t<\/div>\n<\/section>\n<section id=\"builder-section-gallery_25\" class=\"builder-section-prev-banner builder-section builder-section-gallery builder-section-last builder-gallery-columns-3 builder-gallery-captions-reveal builder-gallery-captions-light builder-gallery-aspect-square\" style=\"background-size: cover; background-repeat: no-repeat;background-position: center center;\">\n<div class=\"builder-section-content\">\n<div class=\"builder-gallery-item \">\n<figure class=\"builder-gallery-image\" style=\"background-image: url(&#039;http:\/\/www.duvisuel.ch\/rimaayache\/wp-content\/uploads\/books\/spirit-and-matter-1.jpg&#039;);\"><\/figure>\n<div class=\"builder-gallery-content\">\n<div class=\"builder-gallery-content-inner\">\n<div class=\"builder-gallery-description\">\n<p><a href=\"http:\/\/www.duvisuel.ch\/rimaayache\/wp-content\/uploads\/books\/Spirit-and-Matter-14.pdf\">spirit and matter<\/a><\/p>\n<\/p><\/div>\n<\/p><\/div>\n<\/p><\/div>\n<\/p><\/div>\n<div class=\"builder-gallery-item \">\n<figure class=\"builder-gallery-image\" style=\"background-image: url(&#039;http:\/\/www.duvisuel.ch\/rimaayache\/wp-content\/uploads\/projet-Bellevue_02.jpg&#039;);\"><\/figure>\n<div class=\"builder-gallery-content\">\n<div class=\"builder-gallery-content-inner\">\n<div class=\"builder-gallery-description\">\n<p><a href=\"http:\/\/www.duvisuel.ch\/rimaayache\/wp-content\/uploads\/Projet-Bellevue-web-2015.pdf\">projet bellevue<\/a><\/p>\n<\/p><\/div>\n<\/p><\/div>\n<\/p><\/div>\n<\/p><\/div>\n<div class=\"builder-gallery-item  last-3\">\n<figure class=\"builder-gallery-image\" style=\"background-image: url(&#039;http:\/\/www.duvisuel.ch\/rimaayache\/wp-content\/uploads\/image-capsule.jpg&#039;);\"><\/figure>\n<div class=\"builder-gallery-content\">\n<div class=\"builder-gallery-content-inner\">\n<div class=\"builder-gallery-description\">\n<p><a href=\"http:\/\/www.duvisuel.ch\/rimaayache\/wp-content\/uploads\/capsules-2013_web.pdf\">capsules<\/a><\/p>\n<\/p><\/div>\n<\/p><\/div>\n<\/p><\/div>\n<\/p><\/div>\n<div class=\"builder-gallery-item \">\n<figure class=\"builder-gallery-image\" style=\"background-image: url(&#039;http:\/\/www.duvisuel.ch\/rimaayache\/wp-content\/uploads\/Espaces-r\u00e9siduels.jpg&#039;);\"><\/figure>\n<div class=\"builder-gallery-content\">\n<div class=\"builder-gallery-content-inner\">\n<div class=\"builder-gallery-description\">\n<p><a href=\"http:\/\/www.duvisuel.ch\/rimaayache\/wp-content\/uploads\/books\/Espaces-r\u00e9siduels_RLV.pdf\">espaces r\u00e9siduels<\/a><\/p>\n<\/p><\/div>\n<\/p><\/div>\n<\/p><\/div>\n<\/p><\/div>\n<div class=\"builder-gallery-item \">\n<figure class=\"builder-gallery-image\" style=\"background-image: url(&#039;http:\/\/www.duvisuel.ch\/rimaayache\/wp-content\/uploads\/books\/Intermondes-1000x697.jpg&#039;);\"><\/figure>\n<div class=\"builder-gallery-content\">\n<div class=\"builder-gallery-content-inner\">\n<div class=\"builder-gallery-description\">\n<p><a href=\"http:\/\/www.duvisuel.ch\/rimaayache\/wp-content\/uploads\/books\/Intermondes.pdf\">intermondes<\/a><\/p>\n<\/p><\/div>\n<\/p><\/div>\n<\/p><\/div>\n<\/p><\/div>\n<div class=\"builder-gallery-item  last-3\">\n<figure class=\"builder-gallery-image\" style=\"background-image: url(&#039;http:\/\/www.duvisuel.ch\/rimaayache\/wp-content\/uploads\/books\/Ricoland.PG_.jpg&#039;);\"><\/figure>\n<div class=\"builder-gallery-content\">\n<div class=\"builder-gallery-content-inner\">\n<div class=\"builder-gallery-description\">\n<p><a href=\"http:\/\/www.duvisuel.ch\/rimaayache\/wp-content\/uploads\/books\/Ricoland.pdf\">ricoland<\/a><\/p>\n<\/p><\/div>\n<\/p><\/div>\n<\/p><\/div>\n<\/p><\/div>\n<div class=\"builder-gallery-item \">\n<figure class=\"builder-gallery-image\" style=\"background-image: url(&#039;http:\/\/www.duvisuel.ch\/rimaayache\/wp-content\/uploads\/books\/Genius-loci.jpg&#039;);\"><\/figure>\n<div class=\"builder-gallery-content\">\n<div class=\"builder-gallery-content-inner\">\n<div class=\"builder-gallery-description\">\n<p><a href=\"http:\/\/www.duvisuel.ch\/rimaayache\/wp-content\/uploads\/books\/Genius-Loci.pdf\">genius-loci<\/a><\/p>\n<\/p><\/div>\n<\/p><\/div>\n<\/p><\/div>\n<\/p><\/div>\n<div class=\"builder-gallery-item \">\n<figure class=\"builder-gallery-image\" style=\"background-image: url(&#039;http:\/\/www.duvisuel.ch\/rimaayache\/wp-content\/uploads\/Blackout.jpg&#039;);\"><\/figure>\n<div class=\"builder-gallery-content\">\n<div class=\"builder-gallery-content-inner\">\n<div class=\"builder-gallery-description\">\n<p><a href=\"http:\/\/www.duvisuel.ch\/rimaayache\/wp-content\/uploads\/books\/Blackout.pdf\">blackout<\/a><\/p>\n<\/p><\/div>\n<\/p><\/div>\n<\/p><\/div>\n<\/p><\/div>\n<div class=\"builder-gallery-item  last-3\">\n<figure class=\"builder-gallery-image\" style=\"background-image: url(&#039;http:\/\/www.duvisuel.ch\/rimaayache\/wp-content\/uploads\/books\/El\u00e9mentaux.jpg&#039;);\"><\/figure>\n<div class=\"builder-gallery-content\">\n<div class=\"builder-gallery-content-inner\">\n<div class=\"builder-gallery-description\">\n<p><a href=\"http:\/\/www.duvisuel.ch\/rimaayache\/wp-content\/uploads\/books\/El\u00e9mentaux.pdf\">\u00e9l\u00e9mentaux<\/a><\/p>\n<\/p><\/div>\n<\/p><\/div>\n<\/p><\/div>\n<\/p><\/div>\n<div class=\"builder-gallery-item \">\n<figure class=\"builder-gallery-image\" style=\"background-image: url(&#039;http:\/\/www.duvisuel.ch\/rimaayache\/wp-content\/uploads\/never-come-back.jpg&#039;);\"><\/figure>\n<div class=\"builder-gallery-content\">\n<div class=\"builder-gallery-content-inner\">\n<div class=\"builder-gallery-description\">\n<p><a href=\"http:\/\/www.duvisuel.ch\/rimaayache\/wp-content\/uploads\/Never-come-back.pdf\">never come back<\/a><\/p>\n<\/p><\/div>\n<\/p><\/div>\n<\/p><\/div>\n<\/p><\/div>\n<div class=\"builder-gallery-item \">\n<figure class=\"builder-gallery-image\" style=\"background-image: url(&#039;http:\/\/www.duvisuel.ch\/rimaayache\/wp-content\/uploads\/horizons-viatiques.jpg&#039;);\"><\/figure>\n<div class=\"builder-gallery-content\">\n<div class=\"builder-gallery-content-inner\">\n<div class=\"builder-gallery-description\">\n<p><a href=\"http:\/\/www.duvisuel.ch\/rimaayache\/wp-content\/uploads\/horizons-viatiques.pdf\">horizons viatiques<\/a><\/p>\n<\/p><\/div>\n<\/p><\/div>\n<\/p><\/div>\n<\/p><\/div>\n<div class=\"builder-gallery-item  last-3\">\n<figure class=\"builder-gallery-image\" style=\"background-image: url(&#039;http:\/\/www.duvisuel.ch\/rimaayache\/wp-content\/uploads\/Cabinet-oes-curiosit\u00e9s.jpg&#039;);\"><\/figure>\n<div class=\"builder-gallery-content\">\n<div class=\"builder-gallery-content-inner\">\n<div class=\"builder-gallery-description\">\n<p><a href=\"http:\/\/www.duvisuel.ch\/rimaayache\/wp-content\/uploads\/Cabinet-des-curiosit\u00e9s.pdf\">cabinet des curiosit\u00e9s<\/a><\/p>\n<\/p><\/div>\n<\/p><\/div>\n<\/p><\/div>\n<\/p><\/div>\n<div class=\"builder-gallery-item \">\n<figure class=\"builder-gallery-image\" style=\"background-image: url(&#039;http:\/\/www.duvisuel.ch\/rimaayache\/wp-content\/uploads\/Still-objects.jpg&#039;);\"><\/figure>\n<div class=\"builder-gallery-content\">\n<div class=\"builder-gallery-content-inner\">\n<div class=\"builder-gallery-description\">\n<p><a href=\"http:\/\/www.duvisuel.ch\/rimaayache\/wp-content\/uploads\/Still-objects.pdf\">still-objects<\/a><\/p>\n<\/p><\/div>\n<\/p><\/div>\n<\/p><\/div>\n<\/p><\/div>\n<div class=\"builder-gallery-item \">\n<figure class=\"builder-gallery-image\" style=\"background-image: url(&#039;http:\/\/www.duvisuel.ch\/rimaayache\/wp-content\/uploads\/All-chimical.jpg&#039;);\"><\/figure>\n<div class=\"builder-gallery-content\">\n<div class=\"builder-gallery-content-inner\">\n<div class=\"builder-gallery-description\">\n<p><a href=\"http:\/\/www.duvisuel.ch\/rimaayache\/wp-content\/uploads\/all-chimical.pdf\">all chimical<\/a><\/p>\n<\/p><\/div>\n<\/p><\/div>\n<\/p><\/div>\n<\/p><\/div>\n<div class=\"builder-gallery-item  last-3\">\n<figure class=\"builder-gallery-image\" style=\"background-image: url(&#039;http:\/\/www.duvisuel.ch\/rimaayache\/wp-content\/uploads\/Un-des-mondes-possibles.jpg&#039;);\"><\/figure>\n<div class=\"builder-gallery-content\">\n<div class=\"builder-gallery-content-inner\">\n<div class=\"builder-gallery-description\">\n<p><a href=\"http:\/\/www.duvisuel.ch\/rimaayache\/wp-content\/uploads\/Un-des-mondes-possibles.pdf\">un des mondes possibles<\/a><\/p>\n<\/p><\/div>\n<\/p><\/div>\n<\/p><\/div>\n<\/p><\/div>\n<div class=\"builder-gallery-item \">\n<figure class=\"builder-gallery-image\" style=\"background-image: url(&#039;http:\/\/www.duvisuel.ch\/rimaayache\/wp-content\/uploads\/chirunga.jpg&#039;);\"><\/figure>\n<div class=\"builder-gallery-content\">\n<div class=\"builder-gallery-content-inner\">\n<div class=\"builder-gallery-description\">\n<p><a href=\"http:\/\/www.duvisuel.ch\/rimaayache\/wp-content\/uploads\/CHIRUNGA-.pdf\">chirunga<\/a><\/p>\n<\/p><\/div>\n<\/p><\/div>\n<\/p><\/div>\n<\/p><\/div>\n<div class=\"builder-gallery-item \">\n<figure class=\"builder-gallery-image\" style=\"background-image: url(&#039;http:\/\/www.duvisuel.ch\/rimaayache\/wp-content\/uploads\/abordage-955x1000.jpg&#039;);\"><\/figure>\n<div class=\"builder-gallery-content\">\n<div class=\"builder-gallery-content-inner\">\n<div class=\"builder-gallery-description\">\n<p><a href=\"http:\/\/www.duvisuel.ch\/rimaayache\/wp-content\/uploads\/Abordage_quete-lemanique..pdf\">abordage<\/a><\/p>\n<\/p><\/div>\n<\/p><\/div>\n<\/p><\/div>\n<\/p><\/div>\n<\/p><\/div>\n<\/section>\n","protected":false},"excerpt":{"rendered":"<p>spirit and matter projet bellevue capsules espaces r\u00e9siduels intermondes ricoland genius-loci blackout \u00e9l\u00e9mentaux never come back horizons viatiques cabinet des curiosit\u00e9s still-objects all chimical un des mondes possibles chirunga abordage<\/p>\n","protected":false},"author":2,"featured_media":0,"parent":0,"menu_order":0,"comment_status":"closed","ping_status":"closed","template":"template-builder.php","meta":{"_exactmetrics_skip_tracking":false,"_exactmetrics_sitenote_active":false,"_exactmetrics_sitenote_note":"","_exactmetrics_sitenote_category":0,"footnotes":""},"_links":{"self":[{"href":"http:\/\/www.duvisuel.ch\/rimaayache\/index.php?rest_route=\/wp\/v2\/pages\/803"}],"collection":[{"href":"http:\/\/www.duvisuel.ch\/rimaayache\/index.php?rest_route=\/wp\/v2\/pages"}],"about":[{"href":"http:\/\/www.duvisuel.ch\/rimaayache\/index.php?rest_route=\/wp\/v2\/types\/page"}],"author":[{"embeddable":true,"href":"http:\/\/www.duvisuel.ch\/rimaayache\/index.php?rest_route=\/wp\/v2\/users\/2"}],"replies":[{"embeddable":true,"href":"http:\/\/www.duvisuel.ch\/rimaayache\/index.php?rest_route=%2Fwp%2Fv2%2Fcomments&post=803"}],"version-history":[{"count":14,"href":"http:\/\/www.duvisuel.ch\/rimaayache\/index.php?rest_route=\/wp\/v2\/pages\/803\/revisions"}],"predecessor-version":[{"id":827,"href":"http:\/\/www.duvisuel.ch\/rimaayache\/index.php?rest_route=\/wp\/v2\/pages\/803\/revisions\/827"}],"wp:attachment":[{"href":"http:\/\/www.duvisuel.ch\/rimaayache\/index.php?rest_route=%2Fwp%2Fv2%2Fmedia&parent=803"}],"curies":[{"name":"wp","href":"https:\/\/api.w.org\/{rel}","templated":true}]}}