{"id":1167,"date":"2022-12-05T17:43:09","date_gmt":"2022-12-05T16:43:09","guid":{"rendered":"http:\/\/www.duvisuel.ch\/toocoolforschool\/?page_id=1167"},"modified":"2025-08-05T08:23:37","modified_gmt":"2025-08-05T06:23:37","slug":"presentation","status":"publish","type":"page","link":"http:\/\/www.duvisuel.ch\/toocoolforschool\/presentation\/","title":{"rendered":"pr\u00e9sentation"},"content":{"rendered":"\n<p>Ce site a pour objectif de recenser le travail conceptuel men\u00e9 par des artistes-enseignant(e)s en corr\u00e9lation avec leurs \u00e9l\u00e8ves (du cycle-au secondaire II) lesquel-le-s deviennent les complices vs portes-paroles\/fabricant(e)s plastiques \u00e9clair\u00e9(e)s (capacit\u00e9 de r\u00e9-appropriation) des propositions invent\u00e9es puis articul\u00e9es didactiquement par leur professeur-e d&rsquo;art qui se porte garant-e du processus de fabrication et de l&rsquo;impact visuel \u00e9ventuel des productions de ses \u00e9l\u00e8ves.<\/p>\n\n\n\n<p>Il y a un travail consid\u00e9rable men\u00e9 par l&rsquo;artiste-enseignant(e) derri\u00e8re la \u00ab\u00a0fabrication authentique\u00a0\u00bb d&rsquo;un programme qui fasse sens aux \u00e9l\u00e8ves en r\u00e9f\u00e9rence \u00e0 une th\u00e9matique sp\u00e9cifique qui questionne\/bouscule les codes esth\u00e9tiques habituels (clich\u00e9s)<\/p>\n\n\n\n<p>De temps en temps, l&rsquo;artiste peut prendre le dessus sur l&rsquo;enseignant(e) et se r\u00e9approprier \u00e0 son tour le travail produit par ses \u00e9l\u00e8ves pour valoriser son statut, la place de l&rsquo;art et les r\u00e9alisations effectu\u00e9es par ses \u00e9l\u00e8ves &#8211; comme un artiste en r\u00e9sidence permanente qui d\u00e9l\u00e8gue la joie de faire \u00e0 des tiers &#8211; lesquel-le-s \u00e0 leurs tours revisitent la proposition initiale \u00e0 leur mani\u00e8re. (diversit\u00e9 des r\u00e9ponses\/productions)- il n&rsquo;y a plus de hi\u00e9rarchie- c&rsquo;est une oeuvre commune qui m\u00eale les genres et les statuts<\/p>\n\n\n\n<p>Droit \u00e0 l&rsquo;image: seul(e)s les \u00e9l\u00e8ves acceptant de montrer leur travail \u00e0 visage d\u00e9couvert sont figur\u00e9-e-s sur ce site de recherche en art- les parents des mineurs sont \u00e9galement avis\u00e9s et une autorisation de leur part est n\u00e9cessaire pour toute image repr\u00e9sentant leur enfant. Ceci vaut en particulier pour les ateliers de photomontages. <\/p>\n","protected":false},"excerpt":{"rendered":"<p>Ce site a pour objectif de recenser le travail conceptuel men\u00e9 par des artistes-enseignant(e)s en corr\u00e9lation avec leurs \u00e9l\u00e8ves (du cycle-au secondaire II) lesquel-le-s deviennent les complices vs portes-paroles\/fabricant(e)s plastiques \u00e9clair\u00e9(e)s (capacit\u00e9 de r\u00e9-appropriation) des propositions invent\u00e9es puis articul\u00e9es didactiquement par leur professeur-e d&rsquo;art qui se porte garant-e du processus de fabrication et de l&rsquo;impact &hellip; <\/p>\n<p class=\"link-more\"><a href=\"http:\/\/www.duvisuel.ch\/toocoolforschool\/presentation\/\" class=\"more-link\">Continuer la lecture<span class=\"screen-reader-text\"> de &laquo;&nbsp;pr\u00e9sentation&nbsp;&raquo;<\/span><\/a><\/p>\n","protected":false},"author":1,"featured_media":0,"parent":0,"menu_order":0,"comment_status":"closed","ping_status":"closed","template":"","meta":{"footnotes":""},"class_list":["post-1167","page","type-page","status-publish","hentry"],"_links":{"self":[{"href":"http:\/\/www.duvisuel.ch\/toocoolforschool\/wp-json\/wp\/v2\/pages\/1167","targetHints":{"allow":["GET"]}}],"collection":[{"href":"http:\/\/www.duvisuel.ch\/toocoolforschool\/wp-json\/wp\/v2\/pages"}],"about":[{"href":"http:\/\/www.duvisuel.ch\/toocoolforschool\/wp-json\/wp\/v2\/types\/page"}],"author":[{"embeddable":true,"href":"http:\/\/www.duvisuel.ch\/toocoolforschool\/wp-json\/wp\/v2\/users\/1"}],"replies":[{"embeddable":true,"href":"http:\/\/www.duvisuel.ch\/toocoolforschool\/wp-json\/wp\/v2\/comments?post=1167"}],"version-history":[{"count":11,"href":"http:\/\/www.duvisuel.ch\/toocoolforschool\/wp-json\/wp\/v2\/pages\/1167\/revisions"}],"predecessor-version":[{"id":2143,"href":"http:\/\/www.duvisuel.ch\/toocoolforschool\/wp-json\/wp\/v2\/pages\/1167\/revisions\/2143"}],"wp:attachment":[{"href":"http:\/\/www.duvisuel.ch\/toocoolforschool\/wp-json\/wp\/v2\/media?parent=1167"}],"curies":[{"name":"wp","href":"https:\/\/api.w.org\/{rel}","templated":true}]}}