{"id":1448,"date":"2024-02-18T19:31:20","date_gmt":"2024-02-18T18:31:20","guid":{"rendered":"http:\/\/www.duvisuel.ch\/toocoolforschool\/?page_id=1448"},"modified":"2024-05-14T20:31:50","modified_gmt":"2024-05-14T18:31:50","slug":"masques","status":"publish","type":"page","link":"http:\/\/www.duvisuel.ch\/toocoolforschool\/masques\/","title":{"rendered":"Masques dessin"},"content":{"rendered":"\t\t<div data-elementor-type=\"wp-page\" data-elementor-id=\"1448\" class=\"elementor elementor-1448\" data-elementor-settings=\"[]\">\n\t\t\t\t\t\t\t<div class=\"elementor-section-wrap\">\n\t\t\t\t\t\t\t<section class=\"elementor-section elementor-top-section elementor-element elementor-element-695f96e elementor-section-boxed elementor-section-height-default elementor-section-height-default\" data-id=\"695f96e\" data-element_type=\"section\">\n\t\t\t\t\t\t<div class=\"elementor-container elementor-column-gap-default\">\n\t\t\t\t\t<div class=\"elementor-column elementor-col-100 elementor-top-column elementor-element elementor-element-bfa3b8e\" data-id=\"bfa3b8e\" data-element_type=\"column\">\n\t\t\t<div class=\"elementor-widget-wrap elementor-element-populated\">\n\t\t\t\t\t\t\t\t<div class=\"elementor-element elementor-element-e429839 elementor-widget elementor-widget-text-editor\" data-id=\"e429839\" data-element_type=\"widget\" data-widget_type=\"text-editor.default\">\n\t\t\t\t<div class=\"elementor-widget-container\">\n\t\t\t<style>\/*! elementor - v3.5.5 - 03-02-2022 *\/\n.elementor-widget-text-editor.elementor-drop-cap-view-stacked .elementor-drop-cap{background-color:#818a91;color:#fff}.elementor-widget-text-editor.elementor-drop-cap-view-framed .elementor-drop-cap{color:#818a91;border:3px solid;background-color:transparent}.elementor-widget-text-editor:not(.elementor-drop-cap-view-default) .elementor-drop-cap{margin-top:8px}.elementor-widget-text-editor:not(.elementor-drop-cap-view-default) .elementor-drop-cap-letter{width:1em;height:1em}.elementor-widget-text-editor .elementor-drop-cap{float:left;text-align:center;line-height:1;font-size:50px}.elementor-widget-text-editor .elementor-drop-cap-letter{display:inline-block}<\/style>\t\t\t\t<p>JE SUIS UN-E AUTRE<\/p><p>En duo, les \u00e9l\u00e8ves sont invit\u00e9-e-s-d \u00e0 dessiner le portrait de leur camarade au stylo sur une feuille A4. Le portrait est d\u00e9coup\u00e9 en forme de masque puis port\u00e9 par le\/la protagoniste du dessin effectu\u00e9. Une photographie suit cette d\u00e9marche; celle-ci est pass\u00e9 en seuil dans un logiciel de retouche pour viser un r\u00e9sultat en contraste &#8211; en noir\/blanc.<\/p><p>2023<\/p>\t\t\t\t\t\t<\/div>\n\t\t\t\t<\/div>\n\t\t\t\t\t<\/div>\n\t\t<\/div>\n\t\t\t\t\t\t\t<\/div>\n\t\t<\/section>\n\t\t\t\t<section class=\"elementor-section elementor-top-section elementor-element elementor-element-977239b elementor-section-boxed elementor-section-height-default elementor-section-height-default\" data-id=\"977239b\" data-element_type=\"section\">\n\t\t\t\t\t\t<div class=\"elementor-container elementor-column-gap-default\">\n\t\t\t\t\t<div class=\"elementor-column elementor-col-100 elementor-top-column elementor-element elementor-element-9954e46\" data-id=\"9954e46\" data-element_type=\"column\">\n\t\t\t<div class=\"elementor-widget-wrap elementor-element-populated\">\n\t\t\t\t\t\t\t\t<div class=\"elementor-element elementor-element-65e003c elementor-widget elementor-widget-image-gallery\" data-id=\"65e003c\" data-element_type=\"widget\" data-widget_type=\"image-gallery.default\">\n\t\t\t\t<div class=\"elementor-widget-container\">\n\t\t\t<style>\/*! elementor - v3.5.5 - 03-02-2022 *\/\n.elementor-image-gallery .gallery-item{display:inline-block;text-align:center;vertical-align:top;width:100%;max-width:100%;margin:0 auto}.elementor-image-gallery .gallery-item img{margin:0 auto}.elementor-image-gallery .gallery-item .gallery-caption{margin:0}.elementor-image-gallery figure img{display:block}.elementor-image-gallery figure figcaption{width:100%}.gallery-spacing-custom .elementor-image-gallery .gallery-icon{padding:0}@media (min-width:768px){.elementor-image-gallery .gallery-columns-2 .gallery-item{max-width:50%}.elementor-image-gallery .gallery-columns-3 .gallery-item{max-width:33.33%}.elementor-image-gallery .gallery-columns-4 .gallery-item{max-width:25%}.elementor-image-gallery .gallery-columns-5 .gallery-item{max-width:20%}.elementor-image-gallery .gallery-columns-6 .gallery-item{max-width:16.666%}.elementor-image-gallery .gallery-columns-7 .gallery-item{max-width:14.28%}.elementor-image-gallery .gallery-columns-8 .gallery-item{max-width:12.5%}.elementor-image-gallery .gallery-columns-9 .gallery-item{max-width:11.11%}.elementor-image-gallery .gallery-columns-10 .gallery-item{max-width:10%}}@media (min-width:480px) and (max-width:767px){.elementor-image-gallery .gallery.gallery-columns-2 .gallery-item,.elementor-image-gallery .gallery.gallery-columns-3 .gallery-item,.elementor-image-gallery .gallery.gallery-columns-4 .gallery-item,.elementor-image-gallery .gallery.gallery-columns-5 .gallery-item,.elementor-image-gallery .gallery.gallery-columns-6 .gallery-item,.elementor-image-gallery .gallery.gallery-columns-7 .gallery-item,.elementor-image-gallery .gallery.gallery-columns-8 .gallery-item,.elementor-image-gallery .gallery.gallery-columns-9 .gallery-item,.elementor-image-gallery .gallery.gallery-columns-10 .gallery-item{max-width:50%}}@media (max-width:479px){.elementor-image-gallery .gallery.gallery-columns-2 .gallery-item,.elementor-image-gallery .gallery.gallery-columns-3 .gallery-item,.elementor-image-gallery .gallery.gallery-columns-4 .gallery-item,.elementor-image-gallery .gallery.gallery-columns-5 .gallery-item,.elementor-image-gallery .gallery.gallery-columns-6 .gallery-item,.elementor-image-gallery .gallery.gallery-columns-7 .gallery-item,.elementor-image-gallery .gallery.gallery-columns-8 .gallery-item,.elementor-image-gallery .gallery.gallery-columns-9 .gallery-item,.elementor-image-gallery .gallery.gallery-columns-10 .gallery-item{max-width:100%}}<\/style>\t\t<div class=\"elementor-image-gallery\">\n\t\t\t<div id='gallery-1' class='gallery galleryid-1448 gallery-columns-3 gallery-size-thumbnail'><figure class='gallery-item'>\n\t\t\t<div class='gallery-icon portrait'>\n\t\t\t\t<a data-elementor-open-lightbox=\"yes\" data-elementor-lightbox-slideshow=\"65e003c\" data-elementor-lightbox-title=\"sixtine3\" href='http:\/\/www.duvisuel.ch\/toocoolforschool\/wp-content\/uploads\/2023\/07\/sixtine3.jpg'><img loading=\"lazy\" decoding=\"async\" width=\"150\" height=\"150\" src=\"http:\/\/www.duvisuel.ch\/toocoolforschool\/wp-content\/uploads\/2023\/07\/sixtine3-150x150.jpg\" class=\"attachment-thumbnail size-thumbnail\" alt=\"\" srcset=\"http:\/\/www.duvisuel.ch\/toocoolforschool\/wp-content\/uploads\/2023\/07\/sixtine3-150x150.jpg 150w, http:\/\/www.duvisuel.ch\/toocoolforschool\/wp-content\/uploads\/2023\/07\/sixtine3-700x700.jpg 700w, http:\/\/www.duvisuel.ch\/toocoolforschool\/wp-content\/uploads\/2023\/07\/sixtine3-300x300.jpg 300w, http:\/\/www.duvisuel.ch\/toocoolforschool\/wp-content\/uploads\/2023\/07\/sixtine3-100x100.jpg 100w\" sizes=\"auto, 100vw\" \/><\/a>\n\t\t\t<\/div><\/figure><figure class='gallery-item'>\n\t\t\t<div class='gallery-icon portrait'>\n\t\t\t\t<a data-elementor-open-lightbox=\"yes\" data-elementor-lightbox-slideshow=\"65e003c\" data-elementor-lightbox-title=\"tani2\" href='http:\/\/www.duvisuel.ch\/toocoolforschool\/wp-content\/uploads\/2023\/07\/tani2.jpg'><img loading=\"lazy\" decoding=\"async\" width=\"150\" height=\"150\" src=\"http:\/\/www.duvisuel.ch\/toocoolforschool\/wp-content\/uploads\/2023\/07\/tani2-150x150.jpg\" class=\"attachment-thumbnail size-thumbnail\" alt=\"\" aria-describedby=\"gallery-1-1230\" srcset=\"http:\/\/www.duvisuel.ch\/toocoolforschool\/wp-content\/uploads\/2023\/07\/tani2-150x150.jpg 150w, http:\/\/www.duvisuel.ch\/toocoolforschool\/wp-content\/uploads\/2023\/07\/tani2-700x700.jpg 700w, http:\/\/www.duvisuel.ch\/toocoolforschool\/wp-content\/uploads\/2023\/07\/tani2-300x300.jpg 300w, http:\/\/www.duvisuel.ch\/toocoolforschool\/wp-content\/uploads\/2023\/07\/tani2-100x100.jpg 100w\" sizes=\"auto, 100vw\" \/><\/a>\n\t\t\t<\/div>\n\t\t\t\t<figcaption class='wp-caption-text gallery-caption' id='gallery-1-1230'>\n\t\t\t\tTANI\n\t\t\t\t<\/figcaption><\/figure><figure class='gallery-item'>\n\t\t\t<div class='gallery-icon portrait'>\n\t\t\t\t<a data-elementor-open-lightbox=\"yes\" data-elementor-lightbox-slideshow=\"65e003c\" data-elementor-lightbox-title=\"IVANO\" href='http:\/\/www.duvisuel.ch\/toocoolforschool\/wp-content\/uploads\/2023\/07\/IVANO.jpg'><img loading=\"lazy\" decoding=\"async\" width=\"150\" height=\"150\" src=\"http:\/\/www.duvisuel.ch\/toocoolforschool\/wp-content\/uploads\/2023\/07\/IVANO-150x150.jpg\" class=\"attachment-thumbnail size-thumbnail\" alt=\"\" aria-describedby=\"gallery-1-1229\" srcset=\"http:\/\/www.duvisuel.ch\/toocoolforschool\/wp-content\/uploads\/2023\/07\/IVANO-150x150.jpg 150w, http:\/\/www.duvisuel.ch\/toocoolforschool\/wp-content\/uploads\/2023\/07\/IVANO-700x700.jpg 700w, http:\/\/www.duvisuel.ch\/toocoolforschool\/wp-content\/uploads\/2023\/07\/IVANO-300x300.jpg 300w, http:\/\/www.duvisuel.ch\/toocoolforschool\/wp-content\/uploads\/2023\/07\/IVANO-100x100.jpg 100w\" sizes=\"auto, 100vw\" \/><\/a>\n\t\t\t<\/div>\n\t\t\t\t<figcaption class='wp-caption-text gallery-caption' id='gallery-1-1229'>\n\t\t\t\tIVANO\n\t\t\t\t<\/figcaption><\/figure><figure class='gallery-item'>\n\t\t\t<div class='gallery-icon portrait'>\n\t\t\t\t<a data-elementor-open-lightbox=\"yes\" data-elementor-lightbox-slideshow=\"65e003c\" data-elementor-lightbox-title=\"CHLOE\" href='http:\/\/www.duvisuel.ch\/toocoolforschool\/wp-content\/uploads\/2023\/07\/CHLOE.jpg'><img loading=\"lazy\" decoding=\"async\" width=\"150\" height=\"150\" src=\"http:\/\/www.duvisuel.ch\/toocoolforschool\/wp-content\/uploads\/2023\/07\/CHLOE-150x150.jpg\" class=\"attachment-thumbnail size-thumbnail\" alt=\"\" aria-describedby=\"gallery-1-1228\" srcset=\"http:\/\/www.duvisuel.ch\/toocoolforschool\/wp-content\/uploads\/2023\/07\/CHLOE-150x150.jpg 150w, http:\/\/www.duvisuel.ch\/toocoolforschool\/wp-content\/uploads\/2023\/07\/CHLOE-700x700.jpg 700w, http:\/\/www.duvisuel.ch\/toocoolforschool\/wp-content\/uploads\/2023\/07\/CHLOE-300x300.jpg 300w, http:\/\/www.duvisuel.ch\/toocoolforschool\/wp-content\/uploads\/2023\/07\/CHLOE-100x100.jpg 100w\" sizes=\"auto, 100vw\" \/><\/a>\n\t\t\t<\/div>\n\t\t\t\t<figcaption class='wp-caption-text gallery-caption' id='gallery-1-1228'>\n\t\t\t\tCHLO\u00e9\n\t\t\t\t<\/figcaption><\/figure><figure class='gallery-item'>\n\t\t\t<div class='gallery-icon portrait'>\n\t\t\t\t<a data-elementor-open-lightbox=\"yes\" data-elementor-lightbox-slideshow=\"65e003c\" data-elementor-lightbox-title=\"BENJAMIN copie\" href='http:\/\/www.duvisuel.ch\/toocoolforschool\/wp-content\/uploads\/2023\/07\/BENJAMIN-copie.jpg'><img loading=\"lazy\" decoding=\"async\" width=\"150\" height=\"150\" src=\"http:\/\/www.duvisuel.ch\/toocoolforschool\/wp-content\/uploads\/2023\/07\/BENJAMIN-copie-150x150.jpg\" class=\"attachment-thumbnail size-thumbnail\" alt=\"\" aria-describedby=\"gallery-1-1227\" srcset=\"http:\/\/www.duvisuel.ch\/toocoolforschool\/wp-content\/uploads\/2023\/07\/BENJAMIN-copie-150x150.jpg 150w, http:\/\/www.duvisuel.ch\/toocoolforschool\/wp-content\/uploads\/2023\/07\/BENJAMIN-copie-700x700.jpg 700w, http:\/\/www.duvisuel.ch\/toocoolforschool\/wp-content\/uploads\/2023\/07\/BENJAMIN-copie-300x300.jpg 300w, http:\/\/www.duvisuel.ch\/toocoolforschool\/wp-content\/uploads\/2023\/07\/BENJAMIN-copie-100x100.jpg 100w\" sizes=\"auto, 100vw\" \/><\/a>\n\t\t\t<\/div>\n\t\t\t\t<figcaption class='wp-caption-text gallery-caption' id='gallery-1-1227'>\n\t\t\t\tBENJAMIN\n\t\t\t\t<\/figcaption><\/figure><figure class='gallery-item'>\n\t\t\t<div class='gallery-icon portrait'>\n\t\t\t\t<a data-elementor-open-lightbox=\"yes\" data-elementor-lightbox-slideshow=\"65e003c\" data-elementor-lightbox-title=\"MARGOT-2\" href='http:\/\/www.duvisuel.ch\/toocoolforschool\/wp-content\/uploads\/2023\/07\/MARGOT-2.jpg'><img loading=\"lazy\" decoding=\"async\" width=\"150\" height=\"150\" src=\"http:\/\/www.duvisuel.ch\/toocoolforschool\/wp-content\/uploads\/2023\/07\/MARGOT-2-150x150.jpg\" class=\"attachment-thumbnail size-thumbnail\" alt=\"\" srcset=\"http:\/\/www.duvisuel.ch\/toocoolforschool\/wp-content\/uploads\/2023\/07\/MARGOT-2-150x150.jpg 150w, http:\/\/www.duvisuel.ch\/toocoolforschool\/wp-content\/uploads\/2023\/07\/MARGOT-2-700x700.jpg 700w, http:\/\/www.duvisuel.ch\/toocoolforschool\/wp-content\/uploads\/2023\/07\/MARGOT-2-300x300.jpg 300w, http:\/\/www.duvisuel.ch\/toocoolforschool\/wp-content\/uploads\/2023\/07\/MARGOT-2-100x100.jpg 100w\" sizes=\"auto, 100vw\" \/><\/a>\n\t\t\t<\/div><\/figure><figure class='gallery-item'>\n\t\t\t<div class='gallery-icon portrait'>\n\t\t\t\t<a data-elementor-open-lightbox=\"yes\" data-elementor-lightbox-slideshow=\"65e003c\" data-elementor-lightbox-title=\"Sans titre-1 copie\" href='http:\/\/www.duvisuel.ch\/toocoolforschool\/wp-content\/uploads\/2023\/07\/Sans-titre-1-copie.jpg'><img loading=\"lazy\" decoding=\"async\" width=\"150\" height=\"150\" src=\"http:\/\/www.duvisuel.ch\/toocoolforschool\/wp-content\/uploads\/2023\/07\/Sans-titre-1-copie-150x150.jpg\" class=\"attachment-thumbnail size-thumbnail\" alt=\"\" aria-describedby=\"gallery-1-1222\" srcset=\"http:\/\/www.duvisuel.ch\/toocoolforschool\/wp-content\/uploads\/2023\/07\/Sans-titre-1-copie-150x150.jpg 150w, http:\/\/www.duvisuel.ch\/toocoolforschool\/wp-content\/uploads\/2023\/07\/Sans-titre-1-copie-700x700.jpg 700w, http:\/\/www.duvisuel.ch\/toocoolforschool\/wp-content\/uploads\/2023\/07\/Sans-titre-1-copie-300x300.jpg 300w, http:\/\/www.duvisuel.ch\/toocoolforschool\/wp-content\/uploads\/2023\/07\/Sans-titre-1-copie-100x100.jpg 100w\" sizes=\"auto, 100vw\" \/><\/a>\n\t\t\t<\/div>\n\t\t\t\t<figcaption class='wp-caption-text gallery-caption' id='gallery-1-1222'>\n\t\t\t\tEMMA\n\t\t\t\t<\/figcaption><\/figure><figure class='gallery-item'>\n\t\t\t<div class='gallery-icon portrait'>\n\t\t\t\t<a data-elementor-open-lightbox=\"yes\" data-elementor-lightbox-slideshow=\"65e003c\" data-elementor-lightbox-title=\"Sans titre-1GABRIEL\" href='http:\/\/www.duvisuel.ch\/toocoolforschool\/wp-content\/uploads\/2023\/07\/Sans-titre-1GABRIEL.jpg'><img loading=\"lazy\" decoding=\"async\" width=\"150\" height=\"150\" src=\"http:\/\/www.duvisuel.ch\/toocoolforschool\/wp-content\/uploads\/2023\/07\/Sans-titre-1GABRIEL-150x150.jpg\" class=\"attachment-thumbnail size-thumbnail\" alt=\"\" aria-describedby=\"gallery-1-1223\" srcset=\"http:\/\/www.duvisuel.ch\/toocoolforschool\/wp-content\/uploads\/2023\/07\/Sans-titre-1GABRIEL-150x150.jpg 150w, http:\/\/www.duvisuel.ch\/toocoolforschool\/wp-content\/uploads\/2023\/07\/Sans-titre-1GABRIEL-700x700.jpg 700w, http:\/\/www.duvisuel.ch\/toocoolforschool\/wp-content\/uploads\/2023\/07\/Sans-titre-1GABRIEL-300x300.jpg 300w, http:\/\/www.duvisuel.ch\/toocoolforschool\/wp-content\/uploads\/2023\/07\/Sans-titre-1GABRIEL-100x100.jpg 100w\" sizes=\"auto, 100vw\" \/><\/a>\n\t\t\t<\/div>\n\t\t\t\t<figcaption class='wp-caption-text gallery-caption' id='gallery-1-1223'>\n\t\t\t\tGABRIEL\n\t\t\t\t<\/figcaption><\/figure><figure class='gallery-item'>\n\t\t\t<div class='gallery-icon portrait'>\n\t\t\t\t<a data-elementor-open-lightbox=\"yes\" data-elementor-lightbox-slideshow=\"65e003c\" data-elementor-lightbox-title=\"SARAH\" href='http:\/\/www.duvisuel.ch\/toocoolforschool\/wp-content\/uploads\/2023\/07\/SARAH.jpg'><img loading=\"lazy\" decoding=\"async\" width=\"150\" height=\"150\" src=\"http:\/\/www.duvisuel.ch\/toocoolforschool\/wp-content\/uploads\/2023\/07\/SARAH-150x150.jpg\" class=\"attachment-thumbnail size-thumbnail\" alt=\"\" aria-describedby=\"gallery-1-1224\" srcset=\"http:\/\/www.duvisuel.ch\/toocoolforschool\/wp-content\/uploads\/2023\/07\/SARAH-150x150.jpg 150w, http:\/\/www.duvisuel.ch\/toocoolforschool\/wp-content\/uploads\/2023\/07\/SARAH-700x700.jpg 700w, http:\/\/www.duvisuel.ch\/toocoolforschool\/wp-content\/uploads\/2023\/07\/SARAH-300x300.jpg 300w, http:\/\/www.duvisuel.ch\/toocoolforschool\/wp-content\/uploads\/2023\/07\/SARAH-100x100.jpg 100w\" sizes=\"auto, 100vw\" \/><\/a>\n\t\t\t<\/div>\n\t\t\t\t<figcaption class='wp-caption-text gallery-caption' id='gallery-1-1224'>\n\t\t\t\tSARAH\n\t\t\t\t<\/figcaption><\/figure><figure class='gallery-item'>\n\t\t\t<div class='gallery-icon portrait'>\n\t\t\t\t<a data-elementor-open-lightbox=\"yes\" data-elementor-lightbox-slideshow=\"65e003c\" data-elementor-lightbox-title=\"SIXTINE\" href='http:\/\/www.duvisuel.ch\/toocoolforschool\/wp-content\/uploads\/2023\/07\/SIXTINE.jpg'><img loading=\"lazy\" decoding=\"async\" width=\"150\" height=\"150\" src=\"http:\/\/www.duvisuel.ch\/toocoolforschool\/wp-content\/uploads\/2023\/07\/SIXTINE-150x150.jpg\" class=\"attachment-thumbnail size-thumbnail\" alt=\"\" aria-describedby=\"gallery-1-1225\" srcset=\"http:\/\/www.duvisuel.ch\/toocoolforschool\/wp-content\/uploads\/2023\/07\/SIXTINE-150x150.jpg 150w, http:\/\/www.duvisuel.ch\/toocoolforschool\/wp-content\/uploads\/2023\/07\/SIXTINE-700x700.jpg 700w, http:\/\/www.duvisuel.ch\/toocoolforschool\/wp-content\/uploads\/2023\/07\/SIXTINE-300x300.jpg 300w, http:\/\/www.duvisuel.ch\/toocoolforschool\/wp-content\/uploads\/2023\/07\/SIXTINE-100x100.jpg 100w\" sizes=\"auto, 100vw\" \/><\/a>\n\t\t\t<\/div>\n\t\t\t\t<figcaption class='wp-caption-text gallery-caption' id='gallery-1-1225'>\n\t\t\t\tSIXTINE\n\t\t\t\t<\/figcaption><\/figure><figure class='gallery-item'>\n\t\t\t<div class='gallery-icon portrait'>\n\t\t\t\t<a data-elementor-open-lightbox=\"yes\" data-elementor-lightbox-slideshow=\"65e003c\" data-elementor-lightbox-title=\"ABSA-1 copie\" href='http:\/\/www.duvisuel.ch\/toocoolforschool\/wp-content\/uploads\/2023\/07\/ABSA-1-copie.jpg'><img loading=\"lazy\" decoding=\"async\" width=\"150\" height=\"150\" src=\"http:\/\/www.duvisuel.ch\/toocoolforschool\/wp-content\/uploads\/2023\/07\/ABSA-1-copie-150x150.jpg\" class=\"attachment-thumbnail size-thumbnail\" alt=\"\" aria-describedby=\"gallery-1-1226\" srcset=\"http:\/\/www.duvisuel.ch\/toocoolforschool\/wp-content\/uploads\/2023\/07\/ABSA-1-copie-150x150.jpg 150w, http:\/\/www.duvisuel.ch\/toocoolforschool\/wp-content\/uploads\/2023\/07\/ABSA-1-copie-700x700.jpg 700w, http:\/\/www.duvisuel.ch\/toocoolforschool\/wp-content\/uploads\/2023\/07\/ABSA-1-copie-300x300.jpg 300w, http:\/\/www.duvisuel.ch\/toocoolforschool\/wp-content\/uploads\/2023\/07\/ABSA-1-copie-100x100.jpg 100w\" sizes=\"auto, 100vw\" \/><\/a>\n\t\t\t<\/div>\n\t\t\t\t<figcaption class='wp-caption-text gallery-caption' id='gallery-1-1226'>\n\t\t\t\tABSA\n\t\t\t\t<\/figcaption><\/figure><figure class='gallery-item'>\n\t\t\t<div class='gallery-icon portrait'>\n\t\t\t\t<a data-elementor-open-lightbox=\"yes\" data-elementor-lightbox-slideshow=\"65e003c\" data-elementor-lightbox-title=\"MARGOT\" href='http:\/\/www.duvisuel.ch\/toocoolforschool\/wp-content\/uploads\/2023\/07\/MARGOT.jpg'><img loading=\"lazy\" decoding=\"async\" width=\"150\" height=\"150\" src=\"http:\/\/www.duvisuel.ch\/toocoolforschool\/wp-content\/uploads\/2023\/07\/MARGOT-150x150.jpg\" class=\"attachment-thumbnail size-thumbnail\" alt=\"\" aria-describedby=\"gallery-1-1220\" srcset=\"http:\/\/www.duvisuel.ch\/toocoolforschool\/wp-content\/uploads\/2023\/07\/MARGOT-150x150.jpg 150w, http:\/\/www.duvisuel.ch\/toocoolforschool\/wp-content\/uploads\/2023\/07\/MARGOT-700x700.jpg 700w, http:\/\/www.duvisuel.ch\/toocoolforschool\/wp-content\/uploads\/2023\/07\/MARGOT-300x300.jpg 300w, http:\/\/www.duvisuel.ch\/toocoolforschool\/wp-content\/uploads\/2023\/07\/MARGOT-100x100.jpg 100w\" sizes=\"auto, 100vw\" \/><\/a>\n\t\t\t<\/div>\n\t\t\t\t<figcaption class='wp-caption-text gallery-caption' id='gallery-1-1220'>\n\t\t\t\tMARGOT\n\t\t\t\t<\/figcaption><\/figure><figure class='gallery-item'>\n\t\t\t<div class='gallery-icon portrait'>\n\t\t\t\t<a data-elementor-open-lightbox=\"yes\" data-elementor-lightbox-slideshow=\"65e003c\" data-elementor-lightbox-title=\"MAELjpg\" href='http:\/\/www.duvisuel.ch\/toocoolforschool\/wp-content\/uploads\/2023\/07\/MAELjpg.jpg'><img loading=\"lazy\" decoding=\"async\" width=\"150\" height=\"150\" src=\"http:\/\/www.duvisuel.ch\/toocoolforschool\/wp-content\/uploads\/2023\/07\/MAELjpg-150x150.jpg\" class=\"attachment-thumbnail size-thumbnail\" alt=\"\" aria-describedby=\"gallery-1-1219\" srcset=\"http:\/\/www.duvisuel.ch\/toocoolforschool\/wp-content\/uploads\/2023\/07\/MAELjpg-150x150.jpg 150w, http:\/\/www.duvisuel.ch\/toocoolforschool\/wp-content\/uploads\/2023\/07\/MAELjpg-700x700.jpg 700w, http:\/\/www.duvisuel.ch\/toocoolforschool\/wp-content\/uploads\/2023\/07\/MAELjpg-300x300.jpg 300w, http:\/\/www.duvisuel.ch\/toocoolforschool\/wp-content\/uploads\/2023\/07\/MAELjpg-100x100.jpg 100w\" sizes=\"auto, 100vw\" \/><\/a>\n\t\t\t<\/div>\n\t\t\t\t<figcaption class='wp-caption-text gallery-caption' id='gallery-1-1219'>\n\t\t\t\tMA\u00cbL\n\t\t\t\t<\/figcaption><\/figure><figure class='gallery-item'>\n\t\t\t<div class='gallery-icon portrait'>\n\t\t\t\t<a data-elementor-open-lightbox=\"yes\" data-elementor-lightbox-slideshow=\"65e003c\" data-elementor-lightbox-title=\"LOU1 copie\" href='http:\/\/www.duvisuel.ch\/toocoolforschool\/wp-content\/uploads\/2023\/07\/LOU1-copie.jpg'><img loading=\"lazy\" decoding=\"async\" width=\"150\" height=\"150\" src=\"http:\/\/www.duvisuel.ch\/toocoolforschool\/wp-content\/uploads\/2023\/07\/LOU1-copie-150x150.jpg\" class=\"attachment-thumbnail size-thumbnail\" alt=\"\" aria-describedby=\"gallery-1-1218\" srcset=\"http:\/\/www.duvisuel.ch\/toocoolforschool\/wp-content\/uploads\/2023\/07\/LOU1-copie-150x150.jpg 150w, http:\/\/www.duvisuel.ch\/toocoolforschool\/wp-content\/uploads\/2023\/07\/LOU1-copie-700x700.jpg 700w, http:\/\/www.duvisuel.ch\/toocoolforschool\/wp-content\/uploads\/2023\/07\/LOU1-copie-300x300.jpg 300w, http:\/\/www.duvisuel.ch\/toocoolforschool\/wp-content\/uploads\/2023\/07\/LOU1-copie-100x100.jpg 100w\" sizes=\"auto, 100vw\" \/><\/a>\n\t\t\t<\/div>\n\t\t\t\t<figcaption class='wp-caption-text gallery-caption' id='gallery-1-1218'>\n\t\t\t\tLOU\n\t\t\t\t<\/figcaption><\/figure>\n\t\t<\/div>\n\t\t<\/div>\n\t\t\t\t<\/div>\n\t\t\t\t<\/div>\n\t\t\t\t\t<\/div>\n\t\t<\/div>\n\t\t\t\t\t\t\t<\/div>\n\t\t<\/section>\n\t\t\t\t\t\t<\/div>\n\t\t\t\t\t<\/div>\n\t\t","protected":false},"excerpt":{"rendered":"<p>JE SUIS UN-E AUTRE En duo, les \u00e9l\u00e8ves sont invit\u00e9-e-s-d \u00e0 dessiner le portrait de leur camarade au stylo sur une feuille A4. Le portrait est d\u00e9coup\u00e9 en forme de masque puis port\u00e9 par le\/la protagoniste du dessin effectu\u00e9. Une photographie suit cette d\u00e9marche; celle-ci est pass\u00e9 en seuil dans un logiciel de retouche pour &hellip; <\/p>\n<p class=\"link-more\"><a href=\"http:\/\/www.duvisuel.ch\/toocoolforschool\/masques\/\" class=\"more-link\">Continuer la lecture<span class=\"screen-reader-text\"> de &laquo;&nbsp;Masques dessin&nbsp;&raquo;<\/span><\/a><\/p>\n","protected":false},"author":1,"featured_media":0,"parent":0,"menu_order":0,"comment_status":"closed","ping_status":"closed","template":"","meta":{"footnotes":""},"class_list":["post-1448","page","type-page","status-publish","hentry"],"_links":{"self":[{"href":"http:\/\/www.duvisuel.ch\/toocoolforschool\/wp-json\/wp\/v2\/pages\/1448","targetHints":{"allow":["GET"]}}],"collection":[{"href":"http:\/\/www.duvisuel.ch\/toocoolforschool\/wp-json\/wp\/v2\/pages"}],"about":[{"href":"http:\/\/www.duvisuel.ch\/toocoolforschool\/wp-json\/wp\/v2\/types\/page"}],"author":[{"embeddable":true,"href":"http:\/\/www.duvisuel.ch\/toocoolforschool\/wp-json\/wp\/v2\/users\/1"}],"replies":[{"embeddable":true,"href":"http:\/\/www.duvisuel.ch\/toocoolforschool\/wp-json\/wp\/v2\/comments?post=1448"}],"version-history":[{"count":6,"href":"http:\/\/www.duvisuel.ch\/toocoolforschool\/wp-json\/wp\/v2\/pages\/1448\/revisions"}],"predecessor-version":[{"id":1729,"href":"http:\/\/www.duvisuel.ch\/toocoolforschool\/wp-json\/wp\/v2\/pages\/1448\/revisions\/1729"}],"wp:attachment":[{"href":"http:\/\/www.duvisuel.ch\/toocoolforschool\/wp-json\/wp\/v2\/media?parent=1448"}],"curies":[{"name":"wp","href":"https:\/\/api.w.org\/{rel}","templated":true}]}}