{"id":1458,"date":"2024-02-18T19:42:24","date_gmt":"2024-02-18T18:42:24","guid":{"rendered":"http:\/\/www.duvisuel.ch\/toocoolforschool\/?page_id=1458"},"modified":"2024-02-18T19:44:03","modified_gmt":"2024-02-18T18:44:03","slug":"portraits-visceraux","status":"publish","type":"page","link":"http:\/\/www.duvisuel.ch\/toocoolforschool\/portraits-visceraux\/","title":{"rendered":"Portraits visc\u00e9raux"},"content":{"rendered":"\t\t<div data-elementor-type=\"wp-page\" data-elementor-id=\"1458\" class=\"elementor elementor-1458\" data-elementor-settings=\"[]\">\n\t\t\t\t\t\t\t<div class=\"elementor-section-wrap\">\n\t\t\t\t\t\t\t<section class=\"elementor-section elementor-top-section elementor-element elementor-element-7c141d1 elementor-section-boxed elementor-section-height-default elementor-section-height-default\" data-id=\"7c141d1\" data-element_type=\"section\">\n\t\t\t\t\t\t<div class=\"elementor-container elementor-column-gap-default\">\n\t\t\t\t\t<div class=\"elementor-column elementor-col-100 elementor-top-column elementor-element elementor-element-2694f04\" data-id=\"2694f04\" data-element_type=\"column\">\n\t\t\t<div class=\"elementor-widget-wrap elementor-element-populated\">\n\t\t\t\t\t\t\t\t<div class=\"elementor-element elementor-element-be255ab elementor-widget elementor-widget-text-editor\" data-id=\"be255ab\" data-element_type=\"widget\" data-widget_type=\"text-editor.default\">\n\t\t\t\t<div class=\"elementor-widget-container\">\n\t\t\t<style>\/*! elementor - v3.5.5 - 03-02-2022 *\/\n.elementor-widget-text-editor.elementor-drop-cap-view-stacked .elementor-drop-cap{background-color:#818a91;color:#fff}.elementor-widget-text-editor.elementor-drop-cap-view-framed .elementor-drop-cap{color:#818a91;border:3px solid;background-color:transparent}.elementor-widget-text-editor:not(.elementor-drop-cap-view-default) .elementor-drop-cap{margin-top:8px}.elementor-widget-text-editor:not(.elementor-drop-cap-view-default) .elementor-drop-cap-letter{width:1em;height:1em}.elementor-widget-text-editor .elementor-drop-cap{float:left;text-align:center;line-height:1;font-size:50px}.elementor-widget-text-editor .elementor-drop-cap-letter{display:inline-block}<\/style>\t\t\t\t<p>Le visage est la premi\u00e8re chose que nous identifions chez l\u2019autre. Le visage est probablement pour l&rsquo;homme, le premier motif d&rsquo;\u00e9tonnement, qu&rsquo;il se regarde lui-m\u00eame dans un miroir ou sur une photographie, ou qu&rsquo;il cherche, \u00e0 comprendre les traits et le regard de l&rsquo;autre. Mais qu\u2019en est -il de notre int\u00e9rieur ? Notre enveloppe charnelle ainsi que notre visage sont le c\u00f4t\u00e9 visible de notre corps, mais ce qui nous permet de rester en vie c\u2019est ce qui est invisible \u00e0 l\u2019\u0153il nu. En dehors des normes esth\u00e9tiques, peu attrayantes, l\u2019image de notre int\u00e9rieur \u00e9voque souvent le d\u00e9go\u00fbt et la peur.<\/p><p>Il s\u2019agit pour nous aujourd\u2019hui de rechercher \u00e0 cr\u00e9er une relation entre l\u2019ext\u00e9rieur et l\u2019int\u00e9rieur, de mettre en \u00e9vidence nos trips, notre c\u0153ur, nos reins, nos poumons. En cr\u00e9ant les pi\u00e8ces qui s\u2019apparentent \u00e0 des bijoux, notre visage et nos organes deviendront qu\u2019un.<\/p><p>Sanja Vuckovic, artiste enseignante \u00e0 l&rsquo;Institut Florimont pour le D\u00e9partement des arts, secondaire I-II<\/p>\t\t\t\t\t\t<\/div>\n\t\t\t\t<\/div>\n\t\t\t\t\t<\/div>\n\t\t<\/div>\n\t\t\t\t\t\t\t<\/div>\n\t\t<\/section>\n\t\t\t\t<section class=\"elementor-section elementor-top-section elementor-element elementor-element-7c1919e elementor-section-boxed elementor-section-height-default elementor-section-height-default\" data-id=\"7c1919e\" data-element_type=\"section\">\n\t\t\t\t\t\t<div class=\"elementor-container elementor-column-gap-default\">\n\t\t\t\t\t<div class=\"elementor-column elementor-col-100 elementor-top-column elementor-element elementor-element-5b51a89\" data-id=\"5b51a89\" data-element_type=\"column\">\n\t\t\t<div class=\"elementor-widget-wrap elementor-element-populated\">\n\t\t\t\t\t\t\t\t<div class=\"elementor-element elementor-element-3dda35e elementor-widget elementor-widget-image-gallery\" data-id=\"3dda35e\" data-element_type=\"widget\" data-widget_type=\"image-gallery.default\">\n\t\t\t\t<div class=\"elementor-widget-container\">\n\t\t\t<style>\/*! elementor - v3.5.5 - 03-02-2022 *\/\n.elementor-image-gallery .gallery-item{display:inline-block;text-align:center;vertical-align:top;width:100%;max-width:100%;margin:0 auto}.elementor-image-gallery .gallery-item img{margin:0 auto}.elementor-image-gallery .gallery-item .gallery-caption{margin:0}.elementor-image-gallery figure img{display:block}.elementor-image-gallery figure figcaption{width:100%}.gallery-spacing-custom .elementor-image-gallery .gallery-icon{padding:0}@media (min-width:768px){.elementor-image-gallery .gallery-columns-2 .gallery-item{max-width:50%}.elementor-image-gallery .gallery-columns-3 .gallery-item{max-width:33.33%}.elementor-image-gallery .gallery-columns-4 .gallery-item{max-width:25%}.elementor-image-gallery .gallery-columns-5 .gallery-item{max-width:20%}.elementor-image-gallery .gallery-columns-6 .gallery-item{max-width:16.666%}.elementor-image-gallery .gallery-columns-7 .gallery-item{max-width:14.28%}.elementor-image-gallery .gallery-columns-8 .gallery-item{max-width:12.5%}.elementor-image-gallery .gallery-columns-9 .gallery-item{max-width:11.11%}.elementor-image-gallery .gallery-columns-10 .gallery-item{max-width:10%}}@media (min-width:480px) and (max-width:767px){.elementor-image-gallery .gallery.gallery-columns-2 .gallery-item,.elementor-image-gallery .gallery.gallery-columns-3 .gallery-item,.elementor-image-gallery .gallery.gallery-columns-4 .gallery-item,.elementor-image-gallery .gallery.gallery-columns-5 .gallery-item,.elementor-image-gallery .gallery.gallery-columns-6 .gallery-item,.elementor-image-gallery .gallery.gallery-columns-7 .gallery-item,.elementor-image-gallery .gallery.gallery-columns-8 .gallery-item,.elementor-image-gallery .gallery.gallery-columns-9 .gallery-item,.elementor-image-gallery .gallery.gallery-columns-10 .gallery-item{max-width:50%}}@media (max-width:479px){.elementor-image-gallery .gallery.gallery-columns-2 .gallery-item,.elementor-image-gallery .gallery.gallery-columns-3 .gallery-item,.elementor-image-gallery .gallery.gallery-columns-4 .gallery-item,.elementor-image-gallery .gallery.gallery-columns-5 .gallery-item,.elementor-image-gallery .gallery.gallery-columns-6 .gallery-item,.elementor-image-gallery .gallery.gallery-columns-7 .gallery-item,.elementor-image-gallery .gallery.gallery-columns-8 .gallery-item,.elementor-image-gallery .gallery.gallery-columns-9 .gallery-item,.elementor-image-gallery .gallery.gallery-columns-10 .gallery-item{max-width:100%}}<\/style>\t\t<div class=\"elementor-image-gallery\">\n\t\t\t<div id='gallery-1' class='gallery galleryid-1458 gallery-columns-4 gallery-size-thumbnail'><figure class='gallery-item'>\n\t\t\t<div class='gallery-icon portrait'>\n\t\t\t\t<a data-elementor-open-lightbox=\"yes\" data-elementor-lightbox-slideshow=\"3dda35e\" data-elementor-lightbox-title=\"ELEVE-5 copie\" href='http:\/\/www.duvisuel.ch\/toocoolforschool\/wp-content\/uploads\/2023\/04\/ELEVE-5-copie.jpg'><img loading=\"lazy\" decoding=\"async\" width=\"150\" height=\"150\" src=\"http:\/\/www.duvisuel.ch\/toocoolforschool\/wp-content\/uploads\/2023\/04\/ELEVE-5-copie-150x150.jpg\" class=\"attachment-thumbnail size-thumbnail\" alt=\"\" srcset=\"http:\/\/www.duvisuel.ch\/toocoolforschool\/wp-content\/uploads\/2023\/04\/ELEVE-5-copie-150x150.jpg 150w, http:\/\/www.duvisuel.ch\/toocoolforschool\/wp-content\/uploads\/2023\/04\/ELEVE-5-copie-700x700.jpg 700w, http:\/\/www.duvisuel.ch\/toocoolforschool\/wp-content\/uploads\/2023\/04\/ELEVE-5-copie-300x300.jpg 300w, http:\/\/www.duvisuel.ch\/toocoolforschool\/wp-content\/uploads\/2023\/04\/ELEVE-5-copie-100x100.jpg 100w\" sizes=\"auto, 100vw\" \/><\/a>\n\t\t\t<\/div><\/figure><figure class='gallery-item'>\n\t\t\t<div class='gallery-icon portrait'>\n\t\t\t\t<a data-elementor-open-lightbox=\"yes\" data-elementor-lightbox-slideshow=\"3dda35e\" data-elementor-lightbox-title=\"ELEVE-4 copie\" href='http:\/\/www.duvisuel.ch\/toocoolforschool\/wp-content\/uploads\/2023\/04\/ELEVE-4-copie.jpg'><img loading=\"lazy\" decoding=\"async\" width=\"150\" height=\"150\" src=\"http:\/\/www.duvisuel.ch\/toocoolforschool\/wp-content\/uploads\/2023\/04\/ELEVE-4-copie-150x150.jpg\" class=\"attachment-thumbnail size-thumbnail\" alt=\"\" srcset=\"http:\/\/www.duvisuel.ch\/toocoolforschool\/wp-content\/uploads\/2023\/04\/ELEVE-4-copie-150x150.jpg 150w, http:\/\/www.duvisuel.ch\/toocoolforschool\/wp-content\/uploads\/2023\/04\/ELEVE-4-copie-700x700.jpg 700w, http:\/\/www.duvisuel.ch\/toocoolforschool\/wp-content\/uploads\/2023\/04\/ELEVE-4-copie-300x300.jpg 300w, http:\/\/www.duvisuel.ch\/toocoolforschool\/wp-content\/uploads\/2023\/04\/ELEVE-4-copie-100x100.jpg 100w\" sizes=\"auto, 100vw\" \/><\/a>\n\t\t\t<\/div><\/figure><figure class='gallery-item'>\n\t\t\t<div class='gallery-icon portrait'>\n\t\t\t\t<a data-elementor-open-lightbox=\"yes\" data-elementor-lightbox-slideshow=\"3dda35e\" data-elementor-lightbox-title=\"ELEVE-3 copie\" href='http:\/\/www.duvisuel.ch\/toocoolforschool\/wp-content\/uploads\/2023\/04\/ELEVE-3-copie.jpg'><img loading=\"lazy\" decoding=\"async\" width=\"150\" height=\"150\" src=\"http:\/\/www.duvisuel.ch\/toocoolforschool\/wp-content\/uploads\/2023\/04\/ELEVE-3-copie-150x150.jpg\" class=\"attachment-thumbnail size-thumbnail\" alt=\"\" srcset=\"http:\/\/www.duvisuel.ch\/toocoolforschool\/wp-content\/uploads\/2023\/04\/ELEVE-3-copie-150x150.jpg 150w, http:\/\/www.duvisuel.ch\/toocoolforschool\/wp-content\/uploads\/2023\/04\/ELEVE-3-copie-700x700.jpg 700w, http:\/\/www.duvisuel.ch\/toocoolforschool\/wp-content\/uploads\/2023\/04\/ELEVE-3-copie-300x300.jpg 300w, http:\/\/www.duvisuel.ch\/toocoolforschool\/wp-content\/uploads\/2023\/04\/ELEVE-3-copie-100x100.jpg 100w\" sizes=\"auto, 100vw\" \/><\/a>\n\t\t\t<\/div><\/figure><figure class='gallery-item'>\n\t\t\t<div class='gallery-icon portrait'>\n\t\t\t\t<a data-elementor-open-lightbox=\"yes\" data-elementor-lightbox-slideshow=\"3dda35e\" data-elementor-lightbox-title=\"ELEVE-10 copie\" href='http:\/\/www.duvisuel.ch\/toocoolforschool\/wp-content\/uploads\/2023\/04\/ELEVE-10-copie.jpg'><img loading=\"lazy\" decoding=\"async\" width=\"150\" height=\"150\" src=\"http:\/\/www.duvisuel.ch\/toocoolforschool\/wp-content\/uploads\/2023\/04\/ELEVE-10-copie-150x150.jpg\" class=\"attachment-thumbnail size-thumbnail\" alt=\"\" srcset=\"http:\/\/www.duvisuel.ch\/toocoolforschool\/wp-content\/uploads\/2023\/04\/ELEVE-10-copie-150x150.jpg 150w, http:\/\/www.duvisuel.ch\/toocoolforschool\/wp-content\/uploads\/2023\/04\/ELEVE-10-copie-700x700.jpg 700w, http:\/\/www.duvisuel.ch\/toocoolforschool\/wp-content\/uploads\/2023\/04\/ELEVE-10-copie-300x300.jpg 300w, http:\/\/www.duvisuel.ch\/toocoolforschool\/wp-content\/uploads\/2023\/04\/ELEVE-10-copie-100x100.jpg 100w\" sizes=\"auto, 100vw\" \/><\/a>\n\t\t\t<\/div><\/figure><figure class='gallery-item'>\n\t\t\t<div class='gallery-icon portrait'>\n\t\t\t\t<a data-elementor-open-lightbox=\"yes\" data-elementor-lightbox-slideshow=\"3dda35e\" data-elementor-lightbox-title=\"ELEVE-11 copie\" href='http:\/\/www.duvisuel.ch\/toocoolforschool\/wp-content\/uploads\/2023\/04\/ELEVE-11-copie.jpg'><img loading=\"lazy\" decoding=\"async\" width=\"150\" height=\"150\" src=\"http:\/\/www.duvisuel.ch\/toocoolforschool\/wp-content\/uploads\/2023\/04\/ELEVE-11-copie-150x150.jpg\" class=\"attachment-thumbnail size-thumbnail\" alt=\"\" aria-describedby=\"gallery-1-1197\" srcset=\"http:\/\/www.duvisuel.ch\/toocoolforschool\/wp-content\/uploads\/2023\/04\/ELEVE-11-copie-150x150.jpg 150w, http:\/\/www.duvisuel.ch\/toocoolforschool\/wp-content\/uploads\/2023\/04\/ELEVE-11-copie-700x700.jpg 700w, http:\/\/www.duvisuel.ch\/toocoolforschool\/wp-content\/uploads\/2023\/04\/ELEVE-11-copie-300x300.jpg 300w, http:\/\/www.duvisuel.ch\/toocoolforschool\/wp-content\/uploads\/2023\/04\/ELEVE-11-copie-100x100.jpg 100w\" sizes=\"auto, 100vw\" \/><\/a>\n\t\t\t<\/div>\n\t\t\t\t<figcaption class='wp-caption-text gallery-caption' id='gallery-1-1197'>\n\t\t\t\tEmma\n\t\t\t\t<\/figcaption><\/figure><figure class='gallery-item'>\n\t\t\t<div class='gallery-icon portrait'>\n\t\t\t\t<a data-elementor-open-lightbox=\"yes\" data-elementor-lightbox-slideshow=\"3dda35e\" data-elementor-lightbox-title=\"ELEVE-12 copie\" href='http:\/\/www.duvisuel.ch\/toocoolforschool\/wp-content\/uploads\/2023\/04\/ELEVE-12-copie.jpg'><img loading=\"lazy\" decoding=\"async\" width=\"150\" height=\"150\" src=\"http:\/\/www.duvisuel.ch\/toocoolforschool\/wp-content\/uploads\/2023\/04\/ELEVE-12-copie-150x150.jpg\" class=\"attachment-thumbnail size-thumbnail\" alt=\"\" srcset=\"http:\/\/www.duvisuel.ch\/toocoolforschool\/wp-content\/uploads\/2023\/04\/ELEVE-12-copie-150x150.jpg 150w, http:\/\/www.duvisuel.ch\/toocoolforschool\/wp-content\/uploads\/2023\/04\/ELEVE-12-copie-1024x1024.jpg 1024w, http:\/\/www.duvisuel.ch\/toocoolforschool\/wp-content\/uploads\/2023\/04\/ELEVE-12-copie-700x700.jpg 700w, http:\/\/www.duvisuel.ch\/toocoolforschool\/wp-content\/uploads\/2023\/04\/ELEVE-12-copie-300x300.jpg 300w, http:\/\/www.duvisuel.ch\/toocoolforschool\/wp-content\/uploads\/2023\/04\/ELEVE-12-copie-100x100.jpg 100w\" sizes=\"auto, 100vw\" \/><\/a>\n\t\t\t<\/div><\/figure><figure class='gallery-item'>\n\t\t\t<div class='gallery-icon portrait'>\n\t\t\t\t<a data-elementor-open-lightbox=\"yes\" data-elementor-lightbox-slideshow=\"3dda35e\" data-elementor-lightbox-title=\"ELEVE-6 copie\" href='http:\/\/www.duvisuel.ch\/toocoolforschool\/wp-content\/uploads\/2023\/04\/ELEVE-6-copie.jpg'><img loading=\"lazy\" decoding=\"async\" width=\"150\" height=\"150\" src=\"http:\/\/www.duvisuel.ch\/toocoolforschool\/wp-content\/uploads\/2023\/04\/ELEVE-6-copie-150x150.jpg\" class=\"attachment-thumbnail size-thumbnail\" alt=\"\" srcset=\"http:\/\/www.duvisuel.ch\/toocoolforschool\/wp-content\/uploads\/2023\/04\/ELEVE-6-copie-150x150.jpg 150w, http:\/\/www.duvisuel.ch\/toocoolforschool\/wp-content\/uploads\/2023\/04\/ELEVE-6-copie-700x700.jpg 700w, http:\/\/www.duvisuel.ch\/toocoolforschool\/wp-content\/uploads\/2023\/04\/ELEVE-6-copie-300x300.jpg 300w, http:\/\/www.duvisuel.ch\/toocoolforschool\/wp-content\/uploads\/2023\/04\/ELEVE-6-copie-100x100.jpg 100w\" sizes=\"auto, 100vw\" \/><\/a>\n\t\t\t<\/div><\/figure><figure class='gallery-item'>\n\t\t\t<div class='gallery-icon portrait'>\n\t\t\t\t<a data-elementor-open-lightbox=\"yes\" data-elementor-lightbox-slideshow=\"3dda35e\" data-elementor-lightbox-title=\"ELEVE-7 copie\" href='http:\/\/www.duvisuel.ch\/toocoolforschool\/wp-content\/uploads\/2023\/04\/ELEVE-7-copie.jpg'><img loading=\"lazy\" decoding=\"async\" width=\"150\" height=\"150\" src=\"http:\/\/www.duvisuel.ch\/toocoolforschool\/wp-content\/uploads\/2023\/04\/ELEVE-7-copie-150x150.jpg\" class=\"attachment-thumbnail size-thumbnail\" alt=\"\" srcset=\"http:\/\/www.duvisuel.ch\/toocoolforschool\/wp-content\/uploads\/2023\/04\/ELEVE-7-copie-150x150.jpg 150w, http:\/\/www.duvisuel.ch\/toocoolforschool\/wp-content\/uploads\/2023\/04\/ELEVE-7-copie-700x700.jpg 700w, http:\/\/www.duvisuel.ch\/toocoolforschool\/wp-content\/uploads\/2023\/04\/ELEVE-7-copie-300x300.jpg 300w, http:\/\/www.duvisuel.ch\/toocoolforschool\/wp-content\/uploads\/2023\/04\/ELEVE-7-copie-100x100.jpg 100w\" sizes=\"auto, 100vw\" \/><\/a>\n\t\t\t<\/div><\/figure><figure class='gallery-item'>\n\t\t\t<div class='gallery-icon portrait'>\n\t\t\t\t<a data-elementor-open-lightbox=\"yes\" data-elementor-lightbox-slideshow=\"3dda35e\" data-elementor-lightbox-title=\"ELEVE-8 copie\" href='http:\/\/www.duvisuel.ch\/toocoolforschool\/wp-content\/uploads\/2023\/04\/ELEVE-8-copie.jpg'><img loading=\"lazy\" decoding=\"async\" width=\"150\" height=\"150\" src=\"http:\/\/www.duvisuel.ch\/toocoolforschool\/wp-content\/uploads\/2023\/04\/ELEVE-8-copie-150x150.jpg\" class=\"attachment-thumbnail size-thumbnail\" alt=\"\" aria-describedby=\"gallery-1-1194\" srcset=\"http:\/\/www.duvisuel.ch\/toocoolforschool\/wp-content\/uploads\/2023\/04\/ELEVE-8-copie-150x150.jpg 150w, http:\/\/www.duvisuel.ch\/toocoolforschool\/wp-content\/uploads\/2023\/04\/ELEVE-8-copie-700x700.jpg 700w, http:\/\/www.duvisuel.ch\/toocoolforschool\/wp-content\/uploads\/2023\/04\/ELEVE-8-copie-300x300.jpg 300w, http:\/\/www.duvisuel.ch\/toocoolforschool\/wp-content\/uploads\/2023\/04\/ELEVE-8-copie-100x100.jpg 100w\" sizes=\"auto, 100vw\" \/><\/a>\n\t\t\t<\/div>\n\t\t\t\t<figcaption class='wp-caption-text gallery-caption' id='gallery-1-1194'>\n\t\t\t\tArnaud\n\t\t\t\t<\/figcaption><\/figure><figure class='gallery-item'>\n\t\t\t<div class='gallery-icon portrait'>\n\t\t\t\t<a data-elementor-open-lightbox=\"yes\" data-elementor-lightbox-slideshow=\"3dda35e\" data-elementor-lightbox-title=\"ELEVE-9 copie\" href='http:\/\/www.duvisuel.ch\/toocoolforschool\/wp-content\/uploads\/2023\/04\/ELEVE-9-copie.jpg'><img loading=\"lazy\" decoding=\"async\" width=\"150\" height=\"150\" src=\"http:\/\/www.duvisuel.ch\/toocoolforschool\/wp-content\/uploads\/2023\/04\/ELEVE-9-copie-150x150.jpg\" class=\"attachment-thumbnail size-thumbnail\" alt=\"\" srcset=\"http:\/\/www.duvisuel.ch\/toocoolforschool\/wp-content\/uploads\/2023\/04\/ELEVE-9-copie-150x150.jpg 150w, http:\/\/www.duvisuel.ch\/toocoolforschool\/wp-content\/uploads\/2023\/04\/ELEVE-9-copie-700x700.jpg 700w, http:\/\/www.duvisuel.ch\/toocoolforschool\/wp-content\/uploads\/2023\/04\/ELEVE-9-copie-300x300.jpg 300w, http:\/\/www.duvisuel.ch\/toocoolforschool\/wp-content\/uploads\/2023\/04\/ELEVE-9-copie-100x100.jpg 100w\" sizes=\"auto, 100vw\" \/><\/a>\n\t\t\t<\/div><\/figure><figure class='gallery-item'>\n\t\t\t<div class='gallery-icon portrait'>\n\t\t\t\t<a data-elementor-open-lightbox=\"yes\" data-elementor-lightbox-slideshow=\"3dda35e\" data-elementor-lightbox-title=\"ELEVE-2 copie\" href='http:\/\/www.duvisuel.ch\/toocoolforschool\/wp-content\/uploads\/2023\/04\/ELEVE-2-copie.jpg'><img loading=\"lazy\" decoding=\"async\" width=\"150\" height=\"150\" src=\"http:\/\/www.duvisuel.ch\/toocoolforschool\/wp-content\/uploads\/2023\/04\/ELEVE-2-copie-150x150.jpg\" class=\"attachment-thumbnail size-thumbnail\" alt=\"\" srcset=\"http:\/\/www.duvisuel.ch\/toocoolforschool\/wp-content\/uploads\/2023\/04\/ELEVE-2-copie-150x150.jpg 150w, http:\/\/www.duvisuel.ch\/toocoolforschool\/wp-content\/uploads\/2023\/04\/ELEVE-2-copie-700x700.jpg 700w, http:\/\/www.duvisuel.ch\/toocoolforschool\/wp-content\/uploads\/2023\/04\/ELEVE-2-copie-300x300.jpg 300w, http:\/\/www.duvisuel.ch\/toocoolforschool\/wp-content\/uploads\/2023\/04\/ELEVE-2-copie-100x100.jpg 100w\" sizes=\"auto, 100vw\" \/><\/a>\n\t\t\t<\/div><\/figure><figure class='gallery-item'>\n\t\t\t<div class='gallery-icon portrait'>\n\t\t\t\t<a data-elementor-open-lightbox=\"yes\" data-elementor-lightbox-slideshow=\"3dda35e\" data-elementor-lightbox-title=\"ELEVE-1 copie\" href='http:\/\/www.duvisuel.ch\/toocoolforschool\/wp-content\/uploads\/2023\/04\/ELEVE-1-copie.jpg'><img loading=\"lazy\" decoding=\"async\" width=\"150\" height=\"150\" src=\"http:\/\/www.duvisuel.ch\/toocoolforschool\/wp-content\/uploads\/2023\/04\/ELEVE-1-copie-150x150.jpg\" class=\"attachment-thumbnail size-thumbnail\" alt=\"\" srcset=\"http:\/\/www.duvisuel.ch\/toocoolforschool\/wp-content\/uploads\/2023\/04\/ELEVE-1-copie-150x150.jpg 150w, http:\/\/www.duvisuel.ch\/toocoolforschool\/wp-content\/uploads\/2023\/04\/ELEVE-1-copie-700x700.jpg 700w, http:\/\/www.duvisuel.ch\/toocoolforschool\/wp-content\/uploads\/2023\/04\/ELEVE-1-copie-300x300.jpg 300w, http:\/\/www.duvisuel.ch\/toocoolforschool\/wp-content\/uploads\/2023\/04\/ELEVE-1-copie-100x100.jpg 100w\" sizes=\"auto, 100vw\" \/><\/a>\n\t\t\t<\/div><\/figure>\n\t\t<\/div>\n\t\t<\/div>\n\t\t\t\t<\/div>\n\t\t\t\t<\/div>\n\t\t\t\t\t<\/div>\n\t\t<\/div>\n\t\t\t\t\t\t\t<\/div>\n\t\t<\/section>\n\t\t\t\t\t\t<\/div>\n\t\t\t\t\t<\/div>\n\t\t","protected":false},"excerpt":{"rendered":"<p>Le visage est la premi\u00e8re chose que nous identifions chez l\u2019autre. Le visage est probablement pour l&rsquo;homme, le premier motif d&rsquo;\u00e9tonnement, qu&rsquo;il se regarde lui-m\u00eame dans un miroir ou sur une photographie, ou qu&rsquo;il cherche, \u00e0 comprendre les traits et le regard de l&rsquo;autre. Mais qu\u2019en est -il de notre int\u00e9rieur ? Notre enveloppe charnelle &hellip; <\/p>\n<p class=\"link-more\"><a href=\"http:\/\/www.duvisuel.ch\/toocoolforschool\/portraits-visceraux\/\" class=\"more-link\">Continuer la lecture<span class=\"screen-reader-text\"> de &laquo;&nbsp;Portraits visc\u00e9raux&nbsp;&raquo;<\/span><\/a><\/p>\n","protected":false},"author":1,"featured_media":0,"parent":0,"menu_order":0,"comment_status":"closed","ping_status":"closed","template":"","meta":{"footnotes":""},"class_list":["post-1458","page","type-page","status-publish","hentry"],"_links":{"self":[{"href":"http:\/\/www.duvisuel.ch\/toocoolforschool\/wp-json\/wp\/v2\/pages\/1458","targetHints":{"allow":["GET"]}}],"collection":[{"href":"http:\/\/www.duvisuel.ch\/toocoolforschool\/wp-json\/wp\/v2\/pages"}],"about":[{"href":"http:\/\/www.duvisuel.ch\/toocoolforschool\/wp-json\/wp\/v2\/types\/page"}],"author":[{"embeddable":true,"href":"http:\/\/www.duvisuel.ch\/toocoolforschool\/wp-json\/wp\/v2\/users\/1"}],"replies":[{"embeddable":true,"href":"http:\/\/www.duvisuel.ch\/toocoolforschool\/wp-json\/wp\/v2\/comments?post=1458"}],"version-history":[{"count":4,"href":"http:\/\/www.duvisuel.ch\/toocoolforschool\/wp-json\/wp\/v2\/pages\/1458\/revisions"}],"predecessor-version":[{"id":1463,"href":"http:\/\/www.duvisuel.ch\/toocoolforschool\/wp-json\/wp\/v2\/pages\/1458\/revisions\/1463"}],"wp:attachment":[{"href":"http:\/\/www.duvisuel.ch\/toocoolforschool\/wp-json\/wp\/v2\/media?parent=1458"}],"curies":[{"name":"wp","href":"https:\/\/api.w.org\/{rel}","templated":true}]}}