{"id":1499,"date":"2024-02-19T19:54:03","date_gmt":"2024-02-19T18:54:03","guid":{"rendered":"http:\/\/www.duvisuel.ch\/toocoolforschool\/?page_id=1499"},"modified":"2024-02-19T20:03:06","modified_gmt":"2024-02-19T19:03:06","slug":"art-pour-moi","status":"publish","type":"page","link":"http:\/\/www.duvisuel.ch\/toocoolforschool\/art-pour-moi\/","title":{"rendered":"art pour moi"},"content":{"rendered":"\t\t<div data-elementor-type=\"wp-page\" data-elementor-id=\"1499\" class=\"elementor elementor-1499\" data-elementor-settings=\"[]\">\n\t\t\t\t\t\t\t<div class=\"elementor-section-wrap\">\n\t\t\t\t\t\t\t<section class=\"elementor-section elementor-top-section elementor-element elementor-element-4165bb8 elementor-section-boxed elementor-section-height-default elementor-section-height-default\" data-id=\"4165bb8\" data-element_type=\"section\">\n\t\t\t\t\t\t<div class=\"elementor-container elementor-column-gap-default\">\n\t\t\t\t\t<div class=\"elementor-column elementor-col-100 elementor-top-column elementor-element elementor-element-4deee39\" data-id=\"4deee39\" data-element_type=\"column\">\n\t\t\t<div class=\"elementor-widget-wrap elementor-element-populated\">\n\t\t\t\t\t\t\t\t<div class=\"elementor-element elementor-element-ee63e8c elementor-widget elementor-widget-text-editor\" data-id=\"ee63e8c\" data-element_type=\"widget\" data-widget_type=\"text-editor.default\">\n\t\t\t\t<div class=\"elementor-widget-container\">\n\t\t\t<style>\/*! elementor - v3.5.5 - 03-02-2022 *\/\n.elementor-widget-text-editor.elementor-drop-cap-view-stacked .elementor-drop-cap{background-color:#818a91;color:#fff}.elementor-widget-text-editor.elementor-drop-cap-view-framed .elementor-drop-cap{color:#818a91;border:3px solid;background-color:transparent}.elementor-widget-text-editor:not(.elementor-drop-cap-view-default) .elementor-drop-cap{margin-top:8px}.elementor-widget-text-editor:not(.elementor-drop-cap-view-default) .elementor-drop-cap-letter{width:1em;height:1em}.elementor-widget-text-editor .elementor-drop-cap{float:left;text-align:center;line-height:1;font-size:50px}.elementor-widget-text-editor .elementor-drop-cap-letter{display:inline-block}<\/style>\t\t\t\t<p>D\u00e9marche<\/p><p>Une question simple: qu\u2019est-ce l\u2019art pour toi? a \u00e9t\u00e9 pos\u00e9e \u00e0 une trentaine d\u2019\u00e9l\u00e8ves ( entre 15 et 20 ans) durant une session en arts visuels \u00e0 l\u2019\u00e9cole Moser entre 2020 et 2022, Les r\u00e9ponses ont \u00e9t\u00e9 recens\u00e9es puis mis en page de mani\u00e8re formelle<\/p><p>(\u00e0 la suite et avec une typographique identique )<\/p><p>Pour cette premi\u00e8re version, seule la couleur varie en fonction des r\u00e9ponses ( une deuxi\u00e8me version se profile)<\/p><p>L\u2019objectif serait d\u2019enrichir la liste initiale de nouvelles r\u00e9ponses- au fur et \u00e0 mesure des personnes ou groupes sociaux rencontr\u00e9es (ici des \u00e9l\u00e8ves du secondaire II)<\/p><p>Parsemer les affiches de rue (destin\u00e9es \u00e0 la publicit\u00e9) des r\u00e9ponses recens\u00e9es serait le r\u00e9sultat tangible de cette initiative spontan\u00e9e et rigoureuse \u00e0 la fois \u2013 une mani\u00e8re de po\u00e9sie ou de transgression politiquement correct (s\u2019approprier les affiches \u00e0 d\u2019autres fins que publicitaires) s\u2019inscrivant dans l\u2019espace public \u2013 ou chaque passant-e pourra ou non se reconnaitre dans le miroir des r\u00e9ponses\u2026et pourquoi pas donner sa r\u00e9ponse pour contribuer \u00e0 l\u2019extension (poursuite du projet) et \u00e0 la diff\u00e9renciation (diversit\u00e9) des r\u00e9ponses possibles (via un lien- ici fictif \u2013 (www questcelartpourmoi ou inscrire sa r\u00e9ponse)<\/p>\t\t\t\t\t\t<\/div>\n\t\t\t\t<\/div>\n\t\t\t\t\t<\/div>\n\t\t<\/div>\n\t\t\t\t\t\t\t<\/div>\n\t\t<\/section>\n\t\t\t\t<section class=\"elementor-section elementor-top-section elementor-element elementor-element-c6b2cfb elementor-section-boxed elementor-section-height-default elementor-section-height-default\" data-id=\"c6b2cfb\" data-element_type=\"section\">\n\t\t\t\t\t\t<div class=\"elementor-container elementor-column-gap-default\">\n\t\t\t\t\t<div class=\"elementor-column elementor-col-100 elementor-top-column elementor-element elementor-element-e710b92\" data-id=\"e710b92\" data-element_type=\"column\">\n\t\t\t<div class=\"elementor-widget-wrap elementor-element-populated\">\n\t\t\t\t\t\t\t\t<div class=\"elementor-element elementor-element-b5de324 elementor-widget elementor-widget-image\" data-id=\"b5de324\" data-element_type=\"widget\" data-widget_type=\"image.default\">\n\t\t\t\t<div class=\"elementor-widget-container\">\n\t\t\t<style>\/*! elementor - v3.5.5 - 03-02-2022 *\/\n.elementor-widget-image{text-align:center}.elementor-widget-image a{display:inline-block}.elementor-widget-image a img[src$=\".svg\"]{width:48px}.elementor-widget-image img{vertical-align:middle;display:inline-block}<\/style>\t\t\t\t\t\t\t\t\t\t\t\t<img loading=\"lazy\" decoding=\"async\" width=\"525\" height=\"371\" src=\"http:\/\/www.duvisuel.ch\/toocoolforschool\/wp-content\/uploads\/2021\/12\/espace-publici_Page_1-1024x724.jpg\" class=\"attachment-large size-large\" alt=\"\" srcset=\"http:\/\/www.duvisuel.ch\/toocoolforschool\/wp-content\/uploads\/2021\/12\/espace-publici_Page_1-1024x724.jpg 1024w, http:\/\/www.duvisuel.ch\/toocoolforschool\/wp-content\/uploads\/2021\/12\/espace-publici_Page_1-300x212.jpg 300w, http:\/\/www.duvisuel.ch\/toocoolforschool\/wp-content\/uploads\/2021\/12\/espace-publici_Page_1-768x543.jpg 768w, http:\/\/www.duvisuel.ch\/toocoolforschool\/wp-content\/uploads\/2021\/12\/espace-publici_Page_1-1536x1086.jpg 1536w, http:\/\/www.duvisuel.ch\/toocoolforschool\/wp-content\/uploads\/2021\/12\/espace-publici_Page_1-2048x1448.jpg 2048w, http:\/\/www.duvisuel.ch\/toocoolforschool\/wp-content\/uploads\/2021\/12\/espace-publici_Page_1-738x522.jpg 738w, http:\/\/www.duvisuel.ch\/toocoolforschool\/wp-content\/uploads\/2021\/12\/espace-publici_Page_1-1458x1031.jpg 1458w, http:\/\/www.duvisuel.ch\/toocoolforschool\/wp-content\/uploads\/2021\/12\/espace-publici_Page_1-996x704.jpg 996w, http:\/\/www.duvisuel.ch\/toocoolforschool\/wp-content\/uploads\/2021\/12\/espace-publici_Page_1-1992x1409.jpg 1992w\" sizes=\"auto, 100vw\" \/>\t\t\t\t\t\t\t\t\t\t\t\t\t\t\t<\/div>\n\t\t\t\t<\/div>\n\t\t\t\t\t<\/div>\n\t\t<\/div>\n\t\t\t\t\t\t\t<\/div>\n\t\t<\/section>\n\t\t\t\t\t\t<\/div>\n\t\t\t\t\t<\/div>\n\t\t","protected":false},"excerpt":{"rendered":"<p>D\u00e9marche Une question simple: qu\u2019est-ce l\u2019art pour toi? a \u00e9t\u00e9 pos\u00e9e \u00e0 une trentaine d\u2019\u00e9l\u00e8ves ( entre 15 et 20 ans) durant une session en arts visuels \u00e0 l\u2019\u00e9cole Moser entre 2020 et 2022, Les r\u00e9ponses ont \u00e9t\u00e9 recens\u00e9es puis mis en page de mani\u00e8re formelle (\u00e0 la suite et avec une typographique identique ) &hellip; <\/p>\n<p class=\"link-more\"><a href=\"http:\/\/www.duvisuel.ch\/toocoolforschool\/art-pour-moi\/\" class=\"more-link\">Continuer la lecture<span class=\"screen-reader-text\"> de &laquo;&nbsp;art pour moi&nbsp;&raquo;<\/span><\/a><\/p>\n","protected":false},"author":1,"featured_media":0,"parent":0,"menu_order":0,"comment_status":"closed","ping_status":"closed","template":"","meta":{"footnotes":""},"class_list":["post-1499","page","type-page","status-publish","hentry"],"_links":{"self":[{"href":"http:\/\/www.duvisuel.ch\/toocoolforschool\/wp-json\/wp\/v2\/pages\/1499","targetHints":{"allow":["GET"]}}],"collection":[{"href":"http:\/\/www.duvisuel.ch\/toocoolforschool\/wp-json\/wp\/v2\/pages"}],"about":[{"href":"http:\/\/www.duvisuel.ch\/toocoolforschool\/wp-json\/wp\/v2\/types\/page"}],"author":[{"embeddable":true,"href":"http:\/\/www.duvisuel.ch\/toocoolforschool\/wp-json\/wp\/v2\/users\/1"}],"replies":[{"embeddable":true,"href":"http:\/\/www.duvisuel.ch\/toocoolforschool\/wp-json\/wp\/v2\/comments?post=1499"}],"version-history":[{"count":4,"href":"http:\/\/www.duvisuel.ch\/toocoolforschool\/wp-json\/wp\/v2\/pages\/1499\/revisions"}],"predecessor-version":[{"id":1504,"href":"http:\/\/www.duvisuel.ch\/toocoolforschool\/wp-json\/wp\/v2\/pages\/1499\/revisions\/1504"}],"wp:attachment":[{"href":"http:\/\/www.duvisuel.ch\/toocoolforschool\/wp-json\/wp\/v2\/media?parent=1499"}],"curies":[{"name":"wp","href":"https:\/\/api.w.org\/{rel}","templated":true}]}}