{"id":368,"date":"2022-01-03T21:25:25","date_gmt":"2022-01-03T20:25:25","guid":{"rendered":"http:\/\/www.duvisuel.ch\/toocoolforschool\/?page_id=368"},"modified":"2024-02-18T16:21:22","modified_gmt":"2024-02-18T15:21:22","slug":"portraits","status":"publish","type":"page","link":"http:\/\/www.duvisuel.ch\/toocoolforschool\/portraits\/","title":{"rendered":"portraits"},"content":{"rendered":"\n<figure class=\"wp-block-gallery has-nested-images columns-default is-cropped wp-block-gallery-1 is-layout-flex wp-block-gallery-is-layout-flex\">\n<figure class=\"wp-block-image size-large\"><a href=\"http:\/\/www.duvisuel.ch\/toocoolforschool\/wp-content\/uploads\/2022\/01\/Ines-2-copie.jpg\"><img loading=\"lazy\" decoding=\"async\" width=\"707\" height=\"1000\" data-id=\"270\" src=\"http:\/\/www.duvisuel.ch\/toocoolforschool\/wp-content\/uploads\/2022\/01\/Ines-2-copie.jpg\" alt=\"\" class=\"wp-image-270\" srcset=\"http:\/\/www.duvisuel.ch\/toocoolforschool\/wp-content\/uploads\/2022\/01\/Ines-2-copie.jpg 707w, http:\/\/www.duvisuel.ch\/toocoolforschool\/wp-content\/uploads\/2022\/01\/Ines-2-copie-212x300.jpg 212w\" sizes=\"auto, (max-width: 707px) 100vw, 707px\" \/><\/a><figcaption>INES<\/figcaption><\/figure>\n\n\n\n<figure class=\"wp-block-image size-large\"><a href=\"http:\/\/www.duvisuel.ch\/toocoolforschool\/wp-content\/uploads\/2022\/01\/Sans-titre-1-copie.jpg\"><img loading=\"lazy\" decoding=\"async\" width=\"707\" height=\"1000\" data-id=\"260\" src=\"http:\/\/www.duvisuel.ch\/toocoolforschool\/wp-content\/uploads\/2022\/01\/Sans-titre-1-copie.jpg\" alt=\"\" class=\"wp-image-260\" srcset=\"http:\/\/www.duvisuel.ch\/toocoolforschool\/wp-content\/uploads\/2022\/01\/Sans-titre-1-copie.jpg 707w, http:\/\/www.duvisuel.ch\/toocoolforschool\/wp-content\/uploads\/2022\/01\/Sans-titre-1-copie-212x300.jpg 212w\" sizes=\"auto, (max-width: 707px) 100vw, 707px\" \/><\/a><figcaption>AIDEN<\/figcaption><\/figure>\n\n\n\n<figure class=\"wp-block-image size-large\"><a href=\"http:\/\/www.duvisuel.ch\/toocoolforschool\/wp-content\/uploads\/2022\/01\/Sans-titre-2-copie.jpg\"><img loading=\"lazy\" decoding=\"async\" width=\"707\" height=\"1000\" data-id=\"261\" src=\"http:\/\/www.duvisuel.ch\/toocoolforschool\/wp-content\/uploads\/2022\/01\/Sans-titre-2-copie.jpg\" alt=\"\" class=\"wp-image-261\" srcset=\"http:\/\/www.duvisuel.ch\/toocoolforschool\/wp-content\/uploads\/2022\/01\/Sans-titre-2-copie.jpg 707w, http:\/\/www.duvisuel.ch\/toocoolforschool\/wp-content\/uploads\/2022\/01\/Sans-titre-2-copie-212x300.jpg 212w\" sizes=\"auto, (max-width: 707px) 100vw, 707px\" \/><\/a><figcaption>ELISA<\/figcaption><\/figure>\n\n\n\n<figure class=\"wp-block-image size-large\"><a href=\"http:\/\/www.duvisuel.ch\/toocoolforschool\/wp-content\/uploads\/2022\/01\/Eytn-1-copie.jpg\"><img loading=\"lazy\" decoding=\"async\" width=\"707\" height=\"1000\" data-id=\"269\" src=\"http:\/\/www.duvisuel.ch\/toocoolforschool\/wp-content\/uploads\/2022\/01\/Eytn-1-copie.jpg\" alt=\"\" class=\"wp-image-269\" srcset=\"http:\/\/www.duvisuel.ch\/toocoolforschool\/wp-content\/uploads\/2022\/01\/Eytn-1-copie.jpg 707w, http:\/\/www.duvisuel.ch\/toocoolforschool\/wp-content\/uploads\/2022\/01\/Eytn-1-copie-212x300.jpg 212w\" sizes=\"auto, (max-width: 707px) 100vw, 707px\" \/><\/a><\/figure>\n\n\n\n<figure class=\"wp-block-image size-large\"><a href=\"http:\/\/www.duvisuel.ch\/toocoolforschool\/wp-content\/uploads\/2022\/01\/Anastasya-1-copie.jpg\"><img loading=\"lazy\" decoding=\"async\" width=\"707\" height=\"1000\" data-id=\"268\" src=\"http:\/\/www.duvisuel.ch\/toocoolforschool\/wp-content\/uploads\/2022\/01\/Anastasya-1-copie.jpg\" alt=\"\" class=\"wp-image-268\" srcset=\"http:\/\/www.duvisuel.ch\/toocoolforschool\/wp-content\/uploads\/2022\/01\/Anastasya-1-copie.jpg 707w, http:\/\/www.duvisuel.ch\/toocoolforschool\/wp-content\/uploads\/2022\/01\/Anastasya-1-copie-212x300.jpg 212w\" sizes=\"auto, (max-width: 707px) 100vw, 707px\" \/><\/a><figcaption>ANASTASIA<\/figcaption><\/figure>\n\n\n\n<figure class=\"wp-block-image size-large\"><a href=\"http:\/\/www.duvisuel.ch\/toocoolforschool\/wp-content\/uploads\/2022\/01\/Sans-titre-8-copie.jpg\"><img loading=\"lazy\" decoding=\"async\" width=\"707\" height=\"1000\" data-id=\"267\" src=\"http:\/\/www.duvisuel.ch\/toocoolforschool\/wp-content\/uploads\/2022\/01\/Sans-titre-8-copie.jpg\" alt=\"\" class=\"wp-image-267\" srcset=\"http:\/\/www.duvisuel.ch\/toocoolforschool\/wp-content\/uploads\/2022\/01\/Sans-titre-8-copie.jpg 707w, http:\/\/www.duvisuel.ch\/toocoolforschool\/wp-content\/uploads\/2022\/01\/Sans-titre-8-copie-212x300.jpg 212w\" sizes=\"auto, (max-width: 707px) 100vw, 707px\" \/><\/a><figcaption>SOPHIE<\/figcaption><\/figure>\n\n\n\n<figure class=\"wp-block-image size-large\"><a href=\"http:\/\/www.duvisuel.ch\/toocoolforschool\/wp-content\/uploads\/2022\/01\/Sans-titre-7-copie.jpg\"><img loading=\"lazy\" decoding=\"async\" width=\"707\" height=\"1000\" data-id=\"266\" src=\"http:\/\/www.duvisuel.ch\/toocoolforschool\/wp-content\/uploads\/2022\/01\/Sans-titre-7-copie.jpg\" alt=\"\" class=\"wp-image-266\" srcset=\"http:\/\/www.duvisuel.ch\/toocoolforschool\/wp-content\/uploads\/2022\/01\/Sans-titre-7-copie.jpg 707w, http:\/\/www.duvisuel.ch\/toocoolforschool\/wp-content\/uploads\/2022\/01\/Sans-titre-7-copie-212x300.jpg 212w\" sizes=\"auto, (max-width: 707px) 100vw, 707px\" \/><\/a><figcaption>LISA<\/figcaption><\/figure>\n\n\n\n<figure class=\"wp-block-image size-large\"><a href=\"http:\/\/www.duvisuel.ch\/toocoolforschool\/wp-content\/uploads\/2022\/01\/Sans-titre-6-copie.jpg\"><img loading=\"lazy\" decoding=\"async\" width=\"707\" height=\"1000\" data-id=\"265\" src=\"http:\/\/www.duvisuel.ch\/toocoolforschool\/wp-content\/uploads\/2022\/01\/Sans-titre-6-copie.jpg\" alt=\"\" class=\"wp-image-265\" srcset=\"http:\/\/www.duvisuel.ch\/toocoolforschool\/wp-content\/uploads\/2022\/01\/Sans-titre-6-copie.jpg 707w, http:\/\/www.duvisuel.ch\/toocoolforschool\/wp-content\/uploads\/2022\/01\/Sans-titre-6-copie-212x300.jpg 212w\" sizes=\"auto, (max-width: 707px) 100vw, 707px\" \/><\/a><figcaption>WILLIAM<\/figcaption><\/figure>\n\n\n\n<figure class=\"wp-block-image size-large\"><a href=\"http:\/\/www.duvisuel.ch\/toocoolforschool\/wp-content\/uploads\/2022\/01\/Sans-titre-5-copie.jpg\"><img loading=\"lazy\" decoding=\"async\" width=\"707\" height=\"1000\" data-id=\"264\" src=\"http:\/\/www.duvisuel.ch\/toocoolforschool\/wp-content\/uploads\/2022\/01\/Sans-titre-5-copie.jpg\" alt=\"\" class=\"wp-image-264\" srcset=\"http:\/\/www.duvisuel.ch\/toocoolforschool\/wp-content\/uploads\/2022\/01\/Sans-titre-5-copie.jpg 707w, http:\/\/www.duvisuel.ch\/toocoolforschool\/wp-content\/uploads\/2022\/01\/Sans-titre-5-copie-212x300.jpg 212w\" sizes=\"auto, (max-width: 707px) 100vw, 707px\" \/><\/a><figcaption>QUENTIN<\/figcaption><\/figure>\n\n\n\n<figure class=\"wp-block-image size-large\"><a href=\"http:\/\/www.duvisuel.ch\/toocoolforschool\/wp-content\/uploads\/2022\/01\/Sans-titre-4-copie.jpg\"><img loading=\"lazy\" decoding=\"async\" width=\"707\" height=\"1000\" data-id=\"263\" src=\"http:\/\/www.duvisuel.ch\/toocoolforschool\/wp-content\/uploads\/2022\/01\/Sans-titre-4-copie.jpg\" alt=\"\" class=\"wp-image-263\" srcset=\"http:\/\/www.duvisuel.ch\/toocoolforschool\/wp-content\/uploads\/2022\/01\/Sans-titre-4-copie.jpg 707w, http:\/\/www.duvisuel.ch\/toocoolforschool\/wp-content\/uploads\/2022\/01\/Sans-titre-4-copie-212x300.jpg 212w\" sizes=\"auto, (max-width: 707px) 100vw, 707px\" \/><\/a><figcaption>LUCAS<\/figcaption><\/figure>\n\n\n\n<figure class=\"wp-block-image size-large\"><a href=\"http:\/\/www.duvisuel.ch\/toocoolforschool\/wp-content\/uploads\/2022\/01\/Sans-titre-3-copie.jpg\"><img loading=\"lazy\" decoding=\"async\" width=\"707\" height=\"1000\" data-id=\"262\" src=\"http:\/\/www.duvisuel.ch\/toocoolforschool\/wp-content\/uploads\/2022\/01\/Sans-titre-3-copie.jpg\" alt=\"\" class=\"wp-image-262\" srcset=\"http:\/\/www.duvisuel.ch\/toocoolforschool\/wp-content\/uploads\/2022\/01\/Sans-titre-3-copie.jpg 707w, http:\/\/www.duvisuel.ch\/toocoolforschool\/wp-content\/uploads\/2022\/01\/Sans-titre-3-copie-212x300.jpg 212w\" sizes=\"auto, (max-width: 707px) 100vw, 707px\" \/><\/a><figcaption>LEA<\/figcaption><\/figure>\n\n\n\n<figure class=\"wp-block-image size-large\"><a href=\"http:\/\/www.duvisuel.ch\/toocoolforschool\/wp-content\/uploads\/2022\/01\/lilianae-2-copie.jpg\"><img loading=\"lazy\" decoding=\"async\" width=\"707\" height=\"1000\" data-id=\"271\" src=\"http:\/\/www.duvisuel.ch\/toocoolforschool\/wp-content\/uploads\/2022\/01\/lilianae-2-copie.jpg\" alt=\"\" class=\"wp-image-271\" srcset=\"http:\/\/www.duvisuel.ch\/toocoolforschool\/wp-content\/uploads\/2022\/01\/lilianae-2-copie.jpg 707w, http:\/\/www.duvisuel.ch\/toocoolforschool\/wp-content\/uploads\/2022\/01\/lilianae-2-copie-212x300.jpg 212w\" sizes=\"auto, (max-width: 707px) 100vw, 707px\" \/><\/a><figcaption>LILIANA<\/figcaption><\/figure>\n\n\n\n<figure class=\"wp-block-image size-large\"><a href=\"http:\/\/www.duvisuel.ch\/toocoolforschool\/wp-content\/uploads\/2022\/01\/lou1-copie.jpg\"><img loading=\"lazy\" decoding=\"async\" width=\"707\" height=\"1000\" data-id=\"272\" src=\"http:\/\/www.duvisuel.ch\/toocoolforschool\/wp-content\/uploads\/2022\/01\/lou1-copie.jpg\" alt=\"\" class=\"wp-image-272\" srcset=\"http:\/\/www.duvisuel.ch\/toocoolforschool\/wp-content\/uploads\/2022\/01\/lou1-copie.jpg 707w, http:\/\/www.duvisuel.ch\/toocoolforschool\/wp-content\/uploads\/2022\/01\/lou1-copie-212x300.jpg 212w\" sizes=\"auto, (max-width: 707px) 100vw, 707px\" \/><\/a><\/figure>\n\n\n\n<figure class=\"wp-block-image size-large\"><a href=\"http:\/\/www.duvisuel.ch\/toocoolforschool\/wp-content\/uploads\/2022\/01\/louis-1-copie.jpg\"><img loading=\"lazy\" decoding=\"async\" width=\"707\" height=\"1000\" data-id=\"273\" src=\"http:\/\/www.duvisuel.ch\/toocoolforschool\/wp-content\/uploads\/2022\/01\/louis-1-copie.jpg\" alt=\"\" class=\"wp-image-273\" srcset=\"http:\/\/www.duvisuel.ch\/toocoolforschool\/wp-content\/uploads\/2022\/01\/louis-1-copie.jpg 707w, http:\/\/www.duvisuel.ch\/toocoolforschool\/wp-content\/uploads\/2022\/01\/louis-1-copie-212x300.jpg 212w\" sizes=\"auto, (max-width: 707px) 100vw, 707px\" \/><\/a><\/figure>\n\n\n\n<figure class=\"wp-block-image size-full\"><a href=\"http:\/\/www.duvisuel.ch\/toocoolforschool\/wp-content\/uploads\/2022\/01\/egor-2-copie.jpg\"><img loading=\"lazy\" decoding=\"async\" width=\"707\" height=\"1000\" data-id=\"280\" src=\"http:\/\/www.duvisuel.ch\/toocoolforschool\/wp-content\/uploads\/2022\/01\/egor-2-copie.jpg\" alt=\"\" class=\"wp-image-280\" srcset=\"http:\/\/www.duvisuel.ch\/toocoolforschool\/wp-content\/uploads\/2022\/01\/egor-2-copie.jpg 707w, http:\/\/www.duvisuel.ch\/toocoolforschool\/wp-content\/uploads\/2022\/01\/egor-2-copie-212x300.jpg 212w\" sizes=\"auto, (max-width: 707px) 100vw, 707px\" \/><\/a><figcaption>EGOR<\/figcaption><\/figure>\n\n\n\n<figure class=\"wp-block-image size-large\"><a href=\"http:\/\/www.duvisuel.ch\/toocoolforschool\/wp-content\/uploads\/2022\/01\/thimothee1-copie.jpg\"><img loading=\"lazy\" decoding=\"async\" width=\"707\" height=\"1000\" data-id=\"275\" src=\"http:\/\/www.duvisuel.ch\/toocoolforschool\/wp-content\/uploads\/2022\/01\/thimothee1-copie.jpg\" alt=\"\" class=\"wp-image-275\" srcset=\"http:\/\/www.duvisuel.ch\/toocoolforschool\/wp-content\/uploads\/2022\/01\/thimothee1-copie.jpg 707w, http:\/\/www.duvisuel.ch\/toocoolforschool\/wp-content\/uploads\/2022\/01\/thimothee1-copie-212x300.jpg 212w\" sizes=\"auto, (max-width: 707px) 100vw, 707px\" \/><\/a><\/figure>\n\n\n\n<figure class=\"wp-block-image size-large\"><a href=\"http:\/\/www.duvisuel.ch\/toocoolforschool\/wp-content\/uploads\/2022\/01\/thimothee2-copie.jpg\"><img loading=\"lazy\" decoding=\"async\" width=\"707\" height=\"1000\" data-id=\"276\" src=\"http:\/\/www.duvisuel.ch\/toocoolforschool\/wp-content\/uploads\/2022\/01\/thimothee2-copie.jpg\" alt=\"\" class=\"wp-image-276\" srcset=\"http:\/\/www.duvisuel.ch\/toocoolforschool\/wp-content\/uploads\/2022\/01\/thimothee2-copie.jpg 707w, http:\/\/www.duvisuel.ch\/toocoolforschool\/wp-content\/uploads\/2022\/01\/thimothee2-copie-212x300.jpg 212w\" sizes=\"auto, (max-width: 707px) 100vw, 707px\" \/><\/a><figcaption>THIMOTH\u00e9E<\/figcaption><\/figure>\n\n\n\n<figure class=\"wp-block-image size-large\"><a href=\"http:\/\/www.duvisuel.ch\/toocoolforschool\/wp-content\/uploads\/2022\/01\/alexey-3-copie.jpg\"><img loading=\"lazy\" decoding=\"async\" width=\"707\" height=\"1000\" data-id=\"277\" src=\"http:\/\/www.duvisuel.ch\/toocoolforschool\/wp-content\/uploads\/2022\/01\/alexey-3-copie.jpg\" alt=\"\" class=\"wp-image-277\" srcset=\"http:\/\/www.duvisuel.ch\/toocoolforschool\/wp-content\/uploads\/2022\/01\/alexey-3-copie.jpg 707w, http:\/\/www.duvisuel.ch\/toocoolforschool\/wp-content\/uploads\/2022\/01\/alexey-3-copie-212x300.jpg 212w\" sizes=\"auto, (max-width: 707px) 100vw, 707px\" \/><\/a><\/figure>\n\n\n\n<figure class=\"wp-block-image size-large\"><a href=\"http:\/\/www.duvisuel.ch\/toocoolforschool\/wp-content\/uploads\/2022\/01\/catherine2-copie.jpg\"><img loading=\"lazy\" decoding=\"async\" width=\"707\" height=\"1000\" data-id=\"278\" src=\"http:\/\/www.duvisuel.ch\/toocoolforschool\/wp-content\/uploads\/2022\/01\/catherine2-copie.jpg\" alt=\"\" class=\"wp-image-278\" srcset=\"http:\/\/www.duvisuel.ch\/toocoolforschool\/wp-content\/uploads\/2022\/01\/catherine2-copie.jpg 707w, http:\/\/www.duvisuel.ch\/toocoolforschool\/wp-content\/uploads\/2022\/01\/catherine2-copie-212x300.jpg 212w\" sizes=\"auto, (max-width: 707px) 100vw, 707px\" \/><\/a><figcaption>CATHERINE<\/figcaption><\/figure>\n\n\n\n<figure class=\"wp-block-image size-large\"><a href=\"http:\/\/www.duvisuel.ch\/toocoolforschool\/wp-content\/uploads\/2022\/01\/Chiara-2g-copie.jpg\"><img loading=\"lazy\" decoding=\"async\" width=\"707\" height=\"1000\" data-id=\"279\" src=\"http:\/\/www.duvisuel.ch\/toocoolforschool\/wp-content\/uploads\/2022\/01\/Chiara-2g-copie.jpg\" alt=\"\" class=\"wp-image-279\" srcset=\"http:\/\/www.duvisuel.ch\/toocoolforschool\/wp-content\/uploads\/2022\/01\/Chiara-2g-copie.jpg 707w, http:\/\/www.duvisuel.ch\/toocoolforschool\/wp-content\/uploads\/2022\/01\/Chiara-2g-copie-212x300.jpg 212w\" sizes=\"auto, (max-width: 707px) 100vw, 707px\" \/><\/a><figcaption>CHIARA<\/figcaption><\/figure>\n\n\n\n<figure class=\"wp-block-image size-large\"><a href=\"http:\/\/www.duvisuel.ch\/toocoolforschool\/wp-content\/uploads\/2022\/01\/wissal8.j2pg-copie.jpg\"><img loading=\"lazy\" decoding=\"async\" width=\"707\" height=\"1000\" data-id=\"288\" src=\"http:\/\/www.duvisuel.ch\/toocoolforschool\/wp-content\/uploads\/2022\/01\/wissal8.j2pg-copie.jpg\" alt=\"\" class=\"wp-image-288\" srcset=\"http:\/\/www.duvisuel.ch\/toocoolforschool\/wp-content\/uploads\/2022\/01\/wissal8.j2pg-copie.jpg 707w, http:\/\/www.duvisuel.ch\/toocoolforschool\/wp-content\/uploads\/2022\/01\/wissal8.j2pg-copie-212x300.jpg 212w\" sizes=\"auto, (max-width: 707px) 100vw, 707px\" \/><\/a><figcaption>WISSAL<\/figcaption><\/figure>\n\n\n\n<figure class=\"wp-block-image size-large\"><a href=\"http:\/\/www.duvisuel.ch\/toocoolforschool\/wp-content\/uploads\/2022\/01\/thanos1b-copie.jpg\"><img loading=\"lazy\" decoding=\"async\" width=\"707\" height=\"1000\" data-id=\"287\" src=\"http:\/\/www.duvisuel.ch\/toocoolforschool\/wp-content\/uploads\/2022\/01\/thanos1b-copie.jpg\" alt=\"\" class=\"wp-image-287\" srcset=\"http:\/\/www.duvisuel.ch\/toocoolforschool\/wp-content\/uploads\/2022\/01\/thanos1b-copie.jpg 707w, http:\/\/www.duvisuel.ch\/toocoolforschool\/wp-content\/uploads\/2022\/01\/thanos1b-copie-212x300.jpg 212w\" sizes=\"auto, (max-width: 707px) 100vw, 707px\" \/><\/a><figcaption>ATHANOS<\/figcaption><\/figure>\n\n\n\n<figure class=\"wp-block-image size-large\"><a href=\"http:\/\/www.duvisuel.ch\/toocoolforschool\/wp-content\/uploads\/2022\/01\/NINA-NBjp2g-copie.jpg\"><img loading=\"lazy\" decoding=\"async\" width=\"707\" height=\"1000\" data-id=\"286\" src=\"http:\/\/www.duvisuel.ch\/toocoolforschool\/wp-content\/uploads\/2022\/01\/NINA-NBjp2g-copie.jpg\" alt=\"\" class=\"wp-image-286\" srcset=\"http:\/\/www.duvisuel.ch\/toocoolforschool\/wp-content\/uploads\/2022\/01\/NINA-NBjp2g-copie.jpg 707w, http:\/\/www.duvisuel.ch\/toocoolforschool\/wp-content\/uploads\/2022\/01\/NINA-NBjp2g-copie-212x300.jpg 212w\" sizes=\"auto, (max-width: 707px) 100vw, 707px\" \/><\/a><figcaption>NINA<\/figcaption><\/figure>\n\n\n\n<figure class=\"wp-block-image size-large\"><a href=\"http:\/\/www.duvisuel.ch\/toocoolforschool\/wp-content\/uploads\/2022\/01\/max3-copie.jpg\"><img loading=\"lazy\" decoding=\"async\" width=\"707\" height=\"1000\" data-id=\"285\" src=\"http:\/\/www.duvisuel.ch\/toocoolforschool\/wp-content\/uploads\/2022\/01\/max3-copie.jpg\" alt=\"\" class=\"wp-image-285\" srcset=\"http:\/\/www.duvisuel.ch\/toocoolforschool\/wp-content\/uploads\/2022\/01\/max3-copie.jpg 707w, http:\/\/www.duvisuel.ch\/toocoolforschool\/wp-content\/uploads\/2022\/01\/max3-copie-212x300.jpg 212w\" sizes=\"auto, (max-width: 707px) 100vw, 707px\" \/><\/a><figcaption>MIZUKI<\/figcaption><\/figure>\n\n\n\n<figure class=\"wp-block-image size-large\"><a href=\"http:\/\/www.duvisuel.ch\/toocoolforschool\/wp-content\/uploads\/2022\/01\/gustave-nNb-copie.jpg\"><img loading=\"lazy\" decoding=\"async\" width=\"707\" height=\"1000\" data-id=\"284\" src=\"http:\/\/www.duvisuel.ch\/toocoolforschool\/wp-content\/uploads\/2022\/01\/gustave-nNb-copie.jpg\" alt=\"\" class=\"wp-image-284\" srcset=\"http:\/\/www.duvisuel.ch\/toocoolforschool\/wp-content\/uploads\/2022\/01\/gustave-nNb-copie.jpg 707w, http:\/\/www.duvisuel.ch\/toocoolforschool\/wp-content\/uploads\/2022\/01\/gustave-nNb-copie-212x300.jpg 212w\" sizes=\"auto, (max-width: 707px) 100vw, 707px\" \/><\/a><figcaption>GASPARD<\/figcaption><\/figure>\n\n\n\n<figure class=\"wp-block-image size-large\"><a href=\"http:\/\/www.duvisuel.ch\/toocoolforschool\/wp-content\/uploads\/2022\/01\/Gorge3s-copie.jpg\"><img loading=\"lazy\" decoding=\"async\" width=\"707\" height=\"1000\" data-id=\"283\" src=\"http:\/\/www.duvisuel.ch\/toocoolforschool\/wp-content\/uploads\/2022\/01\/Gorge3s-copie.jpg\" alt=\"\" class=\"wp-image-283\" srcset=\"http:\/\/www.duvisuel.ch\/toocoolforschool\/wp-content\/uploads\/2022\/01\/Gorge3s-copie.jpg 707w, http:\/\/www.duvisuel.ch\/toocoolforschool\/wp-content\/uploads\/2022\/01\/Gorge3s-copie-212x300.jpg 212w\" sizes=\"auto, (max-width: 707px) 100vw, 707px\" \/><\/a><figcaption>GEORGES<\/figcaption><\/figure>\n\n\n\n<figure class=\"wp-block-image size-large\"><a href=\"http:\/\/www.duvisuel.ch\/toocoolforschool\/wp-content\/uploads\/2022\/01\/francesco1b-copie.jpg\"><img loading=\"lazy\" decoding=\"async\" width=\"707\" height=\"1000\" data-id=\"282\" src=\"http:\/\/www.duvisuel.ch\/toocoolforschool\/wp-content\/uploads\/2022\/01\/francesco1b-copie.jpg\" alt=\"\" class=\"wp-image-282\" srcset=\"http:\/\/www.duvisuel.ch\/toocoolforschool\/wp-content\/uploads\/2022\/01\/francesco1b-copie.jpg 707w, http:\/\/www.duvisuel.ch\/toocoolforschool\/wp-content\/uploads\/2022\/01\/francesco1b-copie-212x300.jpg 212w\" sizes=\"auto, (max-width: 707px) 100vw, 707px\" \/><\/a><figcaption>FRANCESCO<\/figcaption><\/figure>\n\n\n\n<figure class=\"wp-block-image size-large\"><a href=\"http:\/\/www.duvisuel.ch\/toocoolforschool\/wp-content\/uploads\/2022\/01\/emilie-nb2-copie.jpg\"><img loading=\"lazy\" decoding=\"async\" width=\"707\" height=\"1000\" data-id=\"281\" src=\"http:\/\/www.duvisuel.ch\/toocoolforschool\/wp-content\/uploads\/2022\/01\/emilie-nb2-copie.jpg\" alt=\"\" class=\"wp-image-281\" srcset=\"http:\/\/www.duvisuel.ch\/toocoolforschool\/wp-content\/uploads\/2022\/01\/emilie-nb2-copie.jpg 707w, http:\/\/www.duvisuel.ch\/toocoolforschool\/wp-content\/uploads\/2022\/01\/emilie-nb2-copie-212x300.jpg 212w\" sizes=\"auto, (max-width: 707px) 100vw, 707px\" \/><\/a><figcaption>EMILIE<\/figcaption><\/figure>\n\n\n\n<figure class=\"wp-block-image size-full\"><a href=\"http:\/\/www.duvisuel.ch\/toocoolforschool\/wp-content\/uploads\/2022\/01\/LUCIEN-2-copie.jpg\"><img loading=\"lazy\" decoding=\"async\" width=\"707\" height=\"1000\" data-id=\"274\" src=\"http:\/\/www.duvisuel.ch\/toocoolforschool\/wp-content\/uploads\/2022\/01\/LUCIEN-2-copie.jpg\" alt=\"\" class=\"wp-image-274\" srcset=\"http:\/\/www.duvisuel.ch\/toocoolforschool\/wp-content\/uploads\/2022\/01\/LUCIEN-2-copie.jpg 707w, http:\/\/www.duvisuel.ch\/toocoolforschool\/wp-content\/uploads\/2022\/01\/LUCIEN-2-copie-212x300.jpg 212w\" sizes=\"auto, (max-width: 707px) 100vw, 707px\" \/><\/a><figcaption>LUCIEN<\/figcaption><\/figure>\n<\/figure>\n\n\n\n<p><br><br>D\u00e9marche 2020-2021<\/p>\n\n\n\n<p>th\u00e9matique autour du portrait expressif<br>3 classes du sec II &#8211;<br>Au cours de cette session, les \u00e9l\u00e8ves reproduisent (en couleur) un portrait d\u2019apr\u00e8s une photo anonyme (banque de donn\u00e9es de visages expressifs pr\u00eats \u00e0 l&#8217;emploi)<br>Le r\u00e9sultat m\u2019\u00e9tonne. Je constate que tous les portraits finissent par ressembler \u00e0 des autoportraits. Je les passe en noir\/blanc ( pour accentuer l&rsquo;effet de contraste) ) et les recadre \u00e9galement. Le travail des \u00e9l\u00e8ves fait ainsi \u00e9cho \u00e0 ma propre d\u00e9marche visuelle. <br>rima ayache<\/p>\n","protected":false},"excerpt":{"rendered":"<p>D\u00e9marche 2020-2021 th\u00e9matique autour du portrait expressif3 classes du sec II &#8211;Au cours de cette session, les \u00e9l\u00e8ves reproduisent (en couleur) un portrait d\u2019apr\u00e8s une photo anonyme (banque de donn\u00e9es de visages expressifs pr\u00eats \u00e0 l&#8217;emploi)Le r\u00e9sultat m\u2019\u00e9tonne. Je constate que tous les portraits finissent par ressembler \u00e0 des autoportraits. Je les passe en noir\/blanc &hellip; <\/p>\n<p class=\"link-more\"><a href=\"http:\/\/www.duvisuel.ch\/toocoolforschool\/portraits\/\" class=\"more-link\">Continuer la lecture<span class=\"screen-reader-text\"> de &laquo;&nbsp;portraits&nbsp;&raquo;<\/span><\/a><\/p>\n","protected":false},"author":1,"featured_media":0,"parent":0,"menu_order":0,"comment_status":"closed","ping_status":"closed","template":"","meta":{"footnotes":""},"class_list":["post-368","page","type-page","status-publish","hentry"],"_links":{"self":[{"href":"http:\/\/www.duvisuel.ch\/toocoolforschool\/wp-json\/wp\/v2\/pages\/368","targetHints":{"allow":["GET"]}}],"collection":[{"href":"http:\/\/www.duvisuel.ch\/toocoolforschool\/wp-json\/wp\/v2\/pages"}],"about":[{"href":"http:\/\/www.duvisuel.ch\/toocoolforschool\/wp-json\/wp\/v2\/types\/page"}],"author":[{"embeddable":true,"href":"http:\/\/www.duvisuel.ch\/toocoolforschool\/wp-json\/wp\/v2\/users\/1"}],"replies":[{"embeddable":true,"href":"http:\/\/www.duvisuel.ch\/toocoolforschool\/wp-json\/wp\/v2\/comments?post=368"}],"version-history":[{"count":13,"href":"http:\/\/www.duvisuel.ch\/toocoolforschool\/wp-json\/wp\/v2\/pages\/368\/revisions"}],"predecessor-version":[{"id":1145,"href":"http:\/\/www.duvisuel.ch\/toocoolforschool\/wp-json\/wp\/v2\/pages\/368\/revisions\/1145"}],"wp:attachment":[{"href":"http:\/\/www.duvisuel.ch\/toocoolforschool\/wp-json\/wp\/v2\/media?parent=368"}],"curies":[{"name":"wp","href":"https:\/\/api.w.org\/{rel}","templated":true}]}}