{"id":43,"date":"2021-12-28T17:39:18","date_gmt":"2021-12-28T16:39:18","guid":{"rendered":"http:\/\/www.duvisuel.ch\/toocoolforschool\/?page_id=43"},"modified":"2022-12-05T18:23:47","modified_gmt":"2022-12-05T17:23:47","slug":"works","status":"publish","type":"page","link":"http:\/\/www.duvisuel.ch\/toocoolforschool\/works\/","title":{"rendered":"art et p\u00e9dagogie"},"content":{"rendered":"\n<p><strong>Artiste et enseignant: duo-duel?<\/strong><\/p>\n\n\n\n<p><a href=\"https:\/\/www.artisteenseignant.com\/accueil\">https:\/\/www.artisteenseignant.com\/accueil<\/a><\/p>\n\n\n\n<p class=\"has-small-font-size\">&lt;&lt; En termes de pratique, les arts gagneraient \u00e0 \u00eatre banalis\u00e9s, \u00e0 \u00eatre consid\u00e9r\u00e9s comme une activit\u00e9 obligatoire et ordinaire >>                                                                                 La place de l&rsquo;art dans l&rsquo;enseignement, Pierre-Alain Four, docteur en sciences sociales, Lyon &#8211; 2009<\/p>\n\n\n\n<p><strong>Quels sont les freins \u00e0 l\u2019expansion de la place de l&rsquo;art dans l&rsquo;enseignement sup\u00e9rieur&nbsp;?&nbsp;&nbsp;<\/strong> &nbsp;<\/p>\n\n\n\n<p>Ce sont les m\u00eames que ceux qui freinent le dialogue arts et sciences&nbsp; : une approche cart\u00e9sienne du savoir, une approche par discipline qui demeure la r\u00e8gle, une \u00ab&nbsp;sanctuarisation&nbsp;\u00bb de l&rsquo;art et de la cr\u00e9ation qui reste dans une sph\u00e8re \u00e0 part et ne sont pas mis au service d&rsquo;autres projets, une vision id\u00e9alis\u00e9e de l&rsquo;artiste et de l&rsquo;art o\u00f9 l&rsquo;inspiration et                        \u00ab l\u2019inn\u00e9 \u00bb prennent le pas sur l&rsquo;apprentissage&#8230;<\/p>\n\n\n\n<p><a href=\"https:\/\/www.millenaire3.com\/Interview\/2009\/la-place-de-l-art-dans-l-enseignement\">https:\/\/www.millenaire3.com\/Interview\/2009\/la-place-de-l-art-dans-l-enseignement<\/a><\/p>\n\n\n\n<p><strong>L&rsquo;art pour \u00e9duquer. La dimension esth\u00e9tique dans le projet de formation postmoderne<\/strong>, Alain Kerlan-2007<\/p>\n\n\n\n<p>l\u2019exp\u00e9rience telle que la racontent les acteurs porte aussi sur le devant de la sc\u00e8ne \u00e9ducative d\u2019autres consid\u00e9rations et d\u2019autres valeurs\u00a0: le travail artistique comme mod\u00e8le possible du travail enseignant, l\u2019exp\u00e9rience artistique partag\u00e9e comme reconqu\u00eate d\u2019une modalit\u00e9 d\u2019existence oubli\u00e9e, notamment .<\/p>\n\n\n\n<p><a href=\"https:\/\/doi.org\/10.3917\/es.019.0083\">https:\/\/doi.org\/10.3917\/es.019.0083<\/a><\/p>\n\n\n\n<p><\/p>\n","protected":false},"excerpt":{"rendered":"<p>Artiste et enseignant: duo-duel? https:\/\/www.artisteenseignant.com\/accueil &lt;&lt; En termes de pratique, les arts gagneraient \u00e0 \u00eatre banalis\u00e9s, \u00e0 \u00eatre consid\u00e9r\u00e9s comme une activit\u00e9 obligatoire et ordinaire >> La place de l&rsquo;art dans l&rsquo;enseignement, Pierre-Alain Four, docteur en sciences sociales, Lyon &#8211; 2009 Quels sont les freins \u00e0 l\u2019expansion de la place de l&rsquo;art dans l&rsquo;enseignement sup\u00e9rieur&nbsp;?&nbsp;&nbsp; &hellip; <\/p>\n<p class=\"link-more\"><a href=\"http:\/\/www.duvisuel.ch\/toocoolforschool\/works\/\" class=\"more-link\">Continuer la lecture<span class=\"screen-reader-text\"> de &laquo;&nbsp;art et p\u00e9dagogie&nbsp;&raquo;<\/span><\/a><\/p>\n","protected":false},"author":1,"featured_media":0,"parent":0,"menu_order":0,"comment_status":"closed","ping_status":"closed","template":"","meta":{"footnotes":""},"class_list":["post-43","page","type-page","status-publish","hentry"],"_links":{"self":[{"href":"http:\/\/www.duvisuel.ch\/toocoolforschool\/wp-json\/wp\/v2\/pages\/43","targetHints":{"allow":["GET"]}}],"collection":[{"href":"http:\/\/www.duvisuel.ch\/toocoolforschool\/wp-json\/wp\/v2\/pages"}],"about":[{"href":"http:\/\/www.duvisuel.ch\/toocoolforschool\/wp-json\/wp\/v2\/types\/page"}],"author":[{"embeddable":true,"href":"http:\/\/www.duvisuel.ch\/toocoolforschool\/wp-json\/wp\/v2\/users\/1"}],"replies":[{"embeddable":true,"href":"http:\/\/www.duvisuel.ch\/toocoolforschool\/wp-json\/wp\/v2\/comments?post=43"}],"version-history":[{"count":7,"href":"http:\/\/www.duvisuel.ch\/toocoolforschool\/wp-json\/wp\/v2\/pages\/43\/revisions"}],"predecessor-version":[{"id":1181,"href":"http:\/\/www.duvisuel.ch\/toocoolforschool\/wp-json\/wp\/v2\/pages\/43\/revisions\/1181"}],"wp:attachment":[{"href":"http:\/\/www.duvisuel.ch\/toocoolforschool\/wp-json\/wp\/v2\/media?parent=43"}],"curies":[{"name":"wp","href":"https:\/\/api.w.org\/{rel}","templated":true}]}}