{"id":611,"date":"2022-03-09T20:13:43","date_gmt":"2022-03-09T19:13:43","guid":{"rendered":"http:\/\/www.duvisuel.ch\/toocoolforschool\/?page_id=611"},"modified":"2022-12-06T09:04:12","modified_gmt":"2022-12-06T08:04:12","slug":"projection-art-pour-moi","status":"publish","type":"page","link":"http:\/\/www.duvisuel.ch\/toocoolforschool\/projection-art-pour-moi\/","title":{"rendered":"projection \u00ab\u00a0art pour moi\u00a0\u00bb"},"content":{"rendered":"\n<figure class=\"wp-block-image size-large\"><img loading=\"lazy\" decoding=\"async\" width=\"1024\" height=\"768\" src=\"http:\/\/www.duvisuel.ch\/toocoolforschool\/wp-content\/uploads\/2022\/03\/projection-espace-public-W-1024x768.jpg\" alt=\"\" class=\"wp-image-610\" srcset=\"http:\/\/www.duvisuel.ch\/toocoolforschool\/wp-content\/uploads\/2022\/03\/projection-espace-public-W-1024x768.jpg 1024w, http:\/\/www.duvisuel.ch\/toocoolforschool\/wp-content\/uploads\/2022\/03\/projection-espace-public-W-300x225.jpg 300w, http:\/\/www.duvisuel.ch\/toocoolforschool\/wp-content\/uploads\/2022\/03\/projection-espace-public-W-768x576.jpg 768w, http:\/\/www.duvisuel.ch\/toocoolforschool\/wp-content\/uploads\/2022\/03\/projection-espace-public-W.jpg 1500w\" sizes=\"auto, (max-width: 767px) 89vw, (max-width: 1000px) 54vw, (max-width: 1071px) 543px, 580px\" \/><figcaption class=\"wp-element-caption\">projection espace public  (gare de ch\u00eanes-bougeries)<\/figcaption><\/figure>\n\n\n\n<p>D\u00e9marche<\/p>\n\n\n\n<p>Une question simple: qu&rsquo;est-ce l&rsquo;art pour toi? a \u00e9t\u00e9 pos\u00e9e \u00e0 une trentaine  d&rsquo;\u00e9l\u00e8ves ( entre 15 et 20 ans) durant une session en arts visuels \u00e0 l&rsquo;\u00e9cole Moser entre 2020 et 2022, Les r\u00e9ponses ont \u00e9t\u00e9 recens\u00e9es puis mis en page de mani\u00e8re formelle<\/p>\n\n\n\n<p> (\u00e0 la suite et avec une typographique identique )<\/p>\n\n\n\n<p>Pour cette premi\u00e8re version, seule la couleur varie en fonction des r\u00e9ponses ( une deuxi\u00e8me version se profile)<\/p>\n\n\n\n<p>L\u2019objectif serait d\u2019enrichir la liste initiale de nouvelles r\u00e9ponses- au fur et \u00e0 mesure des personnes ou groupes sociaux rencontr\u00e9es (ici des \u00e9l\u00e8ves du secondaire II)<\/p>\n\n\n\n<p>Parsemer les affiches de rue (destin\u00e9es \u00e0 la publicit\u00e9) des r\u00e9ponses recens\u00e9es serait le r\u00e9sultat tangible de cette initiative spontan\u00e9e et rigoureuse \u00e0 la fois  &#8211; une mani\u00e8re de po\u00e9sie ou de transgression politiquement correct (s&rsquo;approprier les affiches \u00e0 d&rsquo;autres fins que publicitaires) s&rsquo;inscrivant dans l&rsquo;espace public &#8211; ou chaque passant-e pourra ou non se reconnaitre dans le miroir des r\u00e9ponses&#8230;et pourquoi pas donner sa r\u00e9ponse pour contribuer \u00e0 l&rsquo;extension (poursuite du projet) et \u00e0 la diff\u00e9renciation (diversit\u00e9)  des r\u00e9ponses possibles  (via un lien- ici fictif &#8211; (www questcelartpourmoi ou inscrire sa r\u00e9ponse)<\/p>\n\n\n\n<p><\/p>\n","protected":false},"excerpt":{"rendered":"<p>D\u00e9marche Une question simple: qu&rsquo;est-ce l&rsquo;art pour toi? a \u00e9t\u00e9 pos\u00e9e \u00e0 une trentaine d&rsquo;\u00e9l\u00e8ves ( entre 15 et 20 ans) durant une session en arts visuels \u00e0 l&rsquo;\u00e9cole Moser entre 2020 et 2022, Les r\u00e9ponses ont \u00e9t\u00e9 recens\u00e9es puis mis en page de mani\u00e8re formelle (\u00e0 la suite et avec une typographique identique ) &hellip; <\/p>\n<p class=\"link-more\"><a href=\"http:\/\/www.duvisuel.ch\/toocoolforschool\/projection-art-pour-moi\/\" class=\"more-link\">Continuer la lecture<span class=\"screen-reader-text\"> de &laquo;&nbsp;projection \u00ab\u00a0art pour moi\u00a0\u00bb&nbsp;&raquo;<\/span><\/a><\/p>\n","protected":false},"author":1,"featured_media":0,"parent":0,"menu_order":0,"comment_status":"closed","ping_status":"closed","template":"","meta":{"footnotes":""},"class_list":["post-611","page","type-page","status-publish","hentry"],"_links":{"self":[{"href":"http:\/\/www.duvisuel.ch\/toocoolforschool\/wp-json\/wp\/v2\/pages\/611","targetHints":{"allow":["GET"]}}],"collection":[{"href":"http:\/\/www.duvisuel.ch\/toocoolforschool\/wp-json\/wp\/v2\/pages"}],"about":[{"href":"http:\/\/www.duvisuel.ch\/toocoolforschool\/wp-json\/wp\/v2\/types\/page"}],"author":[{"embeddable":true,"href":"http:\/\/www.duvisuel.ch\/toocoolforschool\/wp-json\/wp\/v2\/users\/1"}],"replies":[{"embeddable":true,"href":"http:\/\/www.duvisuel.ch\/toocoolforschool\/wp-json\/wp\/v2\/comments?post=611"}],"version-history":[{"count":6,"href":"http:\/\/www.duvisuel.ch\/toocoolforschool\/wp-json\/wp\/v2\/pages\/611\/revisions"}],"predecessor-version":[{"id":1187,"href":"http:\/\/www.duvisuel.ch\/toocoolforschool\/wp-json\/wp\/v2\/pages\/611\/revisions\/1187"}],"wp:attachment":[{"href":"http:\/\/www.duvisuel.ch\/toocoolforschool\/wp-json\/wp\/v2\/media?parent=611"}],"curies":[{"name":"wp","href":"https:\/\/api.w.org\/{rel}","templated":true}]}}