{"id":635,"date":"2022-03-09T20:39:37","date_gmt":"2022-03-09T19:39:37","guid":{"rendered":"http:\/\/www.duvisuel.ch\/toocoolforschool\/?page_id=635"},"modified":"2022-09-04T18:10:40","modified_gmt":"2022-09-04T16:10:40","slug":"bien-et-mal","status":"publish","type":"page","link":"http:\/\/www.duvisuel.ch\/toocoolforschool\/bien-et-mal\/","title":{"rendered":"bien et mal"},"content":{"rendered":"\n<figure class=\"wp-block-image size-large\"><a href=\"http:\/\/www.duvisuel.ch\/toocoolforschool\/wp-content\/uploads\/2022\/03\/TEST-OK_Page_5-scaled.jpg\"><img loading=\"lazy\" decoding=\"async\" width=\"1024\" height=\"721\" src=\"http:\/\/www.duvisuel.ch\/toocoolforschool\/wp-content\/uploads\/2022\/03\/TEST-OK_Page_5-1024x721.jpg\" alt=\"\" class=\"wp-image-651\" srcset=\"http:\/\/www.duvisuel.ch\/toocoolforschool\/wp-content\/uploads\/2022\/03\/TEST-OK_Page_5-1024x721.jpg 1024w, http:\/\/www.duvisuel.ch\/toocoolforschool\/wp-content\/uploads\/2022\/03\/TEST-OK_Page_5-300x211.jpg 300w, http:\/\/www.duvisuel.ch\/toocoolforschool\/wp-content\/uploads\/2022\/03\/TEST-OK_Page_5-768x541.jpg 768w, http:\/\/www.duvisuel.ch\/toocoolforschool\/wp-content\/uploads\/2022\/03\/TEST-OK_Page_5-1536x1082.jpg 1536w, http:\/\/www.duvisuel.ch\/toocoolforschool\/wp-content\/uploads\/2022\/03\/TEST-OK_Page_5-2048x1443.jpg 2048w\" sizes=\"auto, (max-width: 767px) 89vw, (max-width: 1000px) 54vw, (max-width: 1071px) 543px, 580px\" \/><\/a><figcaption>Mathieu, Maxime, Melina, Quentin, Thalia, Robin<\/figcaption><\/figure>\n\n\n\n<figure class=\"wp-block-image size-large\"><a href=\"http:\/\/www.duvisuel.ch\/toocoolforschool\/wp-content\/uploads\/2022\/03\/TEST-OK_Page_4-scaled.jpg\"><img loading=\"lazy\" decoding=\"async\" width=\"1024\" height=\"724\" src=\"http:\/\/www.duvisuel.ch\/toocoolforschool\/wp-content\/uploads\/2022\/03\/TEST-OK_Page_4-1024x724.jpg\" alt=\"\" class=\"wp-image-650\" srcset=\"http:\/\/www.duvisuel.ch\/toocoolforschool\/wp-content\/uploads\/2022\/03\/TEST-OK_Page_4-1024x724.jpg 1024w, http:\/\/www.duvisuel.ch\/toocoolforschool\/wp-content\/uploads\/2022\/03\/TEST-OK_Page_4-300x212.jpg 300w, http:\/\/www.duvisuel.ch\/toocoolforschool\/wp-content\/uploads\/2022\/03\/TEST-OK_Page_4-768x543.jpg 768w, http:\/\/www.duvisuel.ch\/toocoolforschool\/wp-content\/uploads\/2022\/03\/TEST-OK_Page_4-1536x1086.jpg 1536w, http:\/\/www.duvisuel.ch\/toocoolforschool\/wp-content\/uploads\/2022\/03\/TEST-OK_Page_4-2048x1448.jpg 2048w\" sizes=\"auto, (max-width: 767px) 89vw, (max-width: 1000px) 54vw, (max-width: 1071px) 543px, 580px\" \/><\/a><figcaption>Lou, Luca, Lucas, Malko, Martin<\/figcaption><\/figure>\n\n\n\n<figure class=\"wp-block-image size-large\"><a href=\"http:\/\/www.duvisuel.ch\/toocoolforschool\/wp-content\/uploads\/2022\/03\/TEST-OK_Page_3.jpg\"><img loading=\"lazy\" decoding=\"async\" width=\"1024\" height=\"727\" src=\"http:\/\/www.duvisuel.ch\/toocoolforschool\/wp-content\/uploads\/2022\/03\/TEST-OK_Page_3-1024x727.jpg\" alt=\"\" class=\"wp-image-649\" srcset=\"http:\/\/www.duvisuel.ch\/toocoolforschool\/wp-content\/uploads\/2022\/03\/TEST-OK_Page_3-1024x727.jpg 1024w, http:\/\/www.duvisuel.ch\/toocoolforschool\/wp-content\/uploads\/2022\/03\/TEST-OK_Page_3-300x213.jpg 300w, http:\/\/www.duvisuel.ch\/toocoolforschool\/wp-content\/uploads\/2022\/03\/TEST-OK_Page_3-768x546.jpg 768w, http:\/\/www.duvisuel.ch\/toocoolforschool\/wp-content\/uploads\/2022\/03\/TEST-OK_Page_3-1536x1091.jpg 1536w, http:\/\/www.duvisuel.ch\/toocoolforschool\/wp-content\/uploads\/2022\/03\/TEST-OK_Page_3.jpg 1747w\" sizes=\"auto, (max-width: 767px) 89vw, (max-width: 1000px) 54vw, (max-width: 1071px) 543px, 580px\" \/><\/a><figcaption>Guali, Iris Julien, Klara<\/figcaption><\/figure>\n\n\n\n<figure class=\"wp-block-image size-large\"><a href=\"http:\/\/www.duvisuel.ch\/toocoolforschool\/wp-content\/uploads\/2022\/03\/TEST-OK_Page_2.jpg\"><img loading=\"lazy\" decoding=\"async\" width=\"1024\" height=\"726\" src=\"http:\/\/www.duvisuel.ch\/toocoolforschool\/wp-content\/uploads\/2022\/03\/TEST-OK_Page_2-1024x726.jpg\" alt=\"\" class=\"wp-image-648\" srcset=\"http:\/\/www.duvisuel.ch\/toocoolforschool\/wp-content\/uploads\/2022\/03\/TEST-OK_Page_2-1024x726.jpg 1024w, http:\/\/www.duvisuel.ch\/toocoolforschool\/wp-content\/uploads\/2022\/03\/TEST-OK_Page_2-300x213.jpg 300w, http:\/\/www.duvisuel.ch\/toocoolforschool\/wp-content\/uploads\/2022\/03\/TEST-OK_Page_2-768x544.jpg 768w, http:\/\/www.duvisuel.ch\/toocoolforschool\/wp-content\/uploads\/2022\/03\/TEST-OK_Page_2-1536x1088.jpg 1536w, http:\/\/www.duvisuel.ch\/toocoolforschool\/wp-content\/uploads\/2022\/03\/TEST-OK_Page_2.jpg 1750w\" sizes=\"auto, (max-width: 767px) 89vw, (max-width: 1000px) 54vw, (max-width: 1071px) 543px, 580px\" \/><\/a><figcaption>Andrea, Aurore, Beno\u00eet, Catherine, Damien, Elliott<\/figcaption><\/figure>\n\n\n\n<figure class=\"wp-block-image size-large\"><a href=\"http:\/\/www.duvisuel.ch\/toocoolforschool\/wp-content\/uploads\/2022\/03\/TEST-OK_Page_1.jpg\"><img loading=\"lazy\" decoding=\"async\" width=\"1024\" height=\"724\" src=\"http:\/\/www.duvisuel.ch\/toocoolforschool\/wp-content\/uploads\/2022\/03\/TEST-OK_Page_1-1024x724.jpg\" alt=\"\" class=\"wp-image-647\" srcset=\"http:\/\/www.duvisuel.ch\/toocoolforschool\/wp-content\/uploads\/2022\/03\/TEST-OK_Page_1-1024x724.jpg 1024w, http:\/\/www.duvisuel.ch\/toocoolforschool\/wp-content\/uploads\/2022\/03\/TEST-OK_Page_1-300x212.jpg 300w, http:\/\/www.duvisuel.ch\/toocoolforschool\/wp-content\/uploads\/2022\/03\/TEST-OK_Page_1-768x543.jpg 768w, http:\/\/www.duvisuel.ch\/toocoolforschool\/wp-content\/uploads\/2022\/03\/TEST-OK_Page_1-1536x1086.jpg 1536w, http:\/\/www.duvisuel.ch\/toocoolforschool\/wp-content\/uploads\/2022\/03\/TEST-OK_Page_1.jpg 1754w\" sizes=\"auto, (max-width: 767px) 89vw, (max-width: 1000px) 54vw, (max-width: 1071px) 543px, 580px\" \/><\/a><figcaption>Akari, Alexandre, Alexis, Aloys, Anastasia<\/figcaption><\/figure>\n\n\n\n<figure class=\"wp-block-image size-large\"><a href=\"http:\/\/www.duvisuel.ch\/toocoolforschool\/wp-content\/uploads\/2022\/03\/TEST-OK_Page_7-scaled.jpg\"><img loading=\"lazy\" decoding=\"async\" width=\"1024\" height=\"722\" src=\"http:\/\/www.duvisuel.ch\/toocoolforschool\/wp-content\/uploads\/2022\/03\/TEST-OK_Page_7-1024x722.jpg\" alt=\"\" class=\"wp-image-646\" srcset=\"http:\/\/www.duvisuel.ch\/toocoolforschool\/wp-content\/uploads\/2022\/03\/TEST-OK_Page_7-1024x722.jpg 1024w, http:\/\/www.duvisuel.ch\/toocoolforschool\/wp-content\/uploads\/2022\/03\/TEST-OK_Page_7-300x212.jpg 300w, http:\/\/www.duvisuel.ch\/toocoolforschool\/wp-content\/uploads\/2022\/03\/TEST-OK_Page_7-768x542.jpg 768w, http:\/\/www.duvisuel.ch\/toocoolforschool\/wp-content\/uploads\/2022\/03\/TEST-OK_Page_7-1536x1083.jpg 1536w, http:\/\/www.duvisuel.ch\/toocoolforschool\/wp-content\/uploads\/2022\/03\/TEST-OK_Page_7-2048x1445.jpg 2048w\" sizes=\"auto, (max-width: 767px) 89vw, (max-width: 1000px) 54vw, (max-width: 1071px) 543px, 580px\" \/><\/a><figcaption>Simon, Thalia, Thibault, Thimoth\u00e9e, Thomas, Thomas 2, Victoria<\/figcaption><\/figure>\n\n\n\n<figure class=\"wp-block-image size-large\"><a href=\"http:\/\/www.duvisuel.ch\/toocoolforschool\/wp-content\/uploads\/2022\/03\/TEST-OK_Page_6-scaled.jpg\"><img loading=\"lazy\" decoding=\"async\" width=\"1024\" height=\"721\" src=\"http:\/\/www.duvisuel.ch\/toocoolforschool\/wp-content\/uploads\/2022\/03\/TEST-OK_Page_6-1024x721.jpg\" alt=\"\" class=\"wp-image-645\" srcset=\"http:\/\/www.duvisuel.ch\/toocoolforschool\/wp-content\/uploads\/2022\/03\/TEST-OK_Page_6-1024x721.jpg 1024w, http:\/\/www.duvisuel.ch\/toocoolforschool\/wp-content\/uploads\/2022\/03\/TEST-OK_Page_6-300x211.jpg 300w, http:\/\/www.duvisuel.ch\/toocoolforschool\/wp-content\/uploads\/2022\/03\/TEST-OK_Page_6-768x541.jpg 768w, http:\/\/www.duvisuel.ch\/toocoolforschool\/wp-content\/uploads\/2022\/03\/TEST-OK_Page_6-1536x1082.jpg 1536w, http:\/\/www.duvisuel.ch\/toocoolforschool\/wp-content\/uploads\/2022\/03\/TEST-OK_Page_6-2048x1443.jpg 2048w\" sizes=\"auto, (max-width: 767px) 89vw, (max-width: 1000px) 54vw, (max-width: 1071px) 543px, 580px\" \/><\/a><figcaption>Robin, Sami, Sarah, Sasha, Simon<\/figcaption><\/figure>\n\n\n\n<figure class=\"wp-block-image size-large\"><a href=\"http:\/\/www.duvisuel.ch\/toocoolforschool\/wp-content\/uploads\/2022\/03\/HOK_Page_1-scaled.jpg\"><img loading=\"lazy\" decoding=\"async\" width=\"1024\" height=\"724\" src=\"http:\/\/www.duvisuel.ch\/toocoolforschool\/wp-content\/uploads\/2022\/03\/HOK_Page_1-1024x724.jpg\" alt=\"\" class=\"wp-image-655\" srcset=\"http:\/\/www.duvisuel.ch\/toocoolforschool\/wp-content\/uploads\/2022\/03\/HOK_Page_1-1024x724.jpg 1024w, http:\/\/www.duvisuel.ch\/toocoolforschool\/wp-content\/uploads\/2022\/03\/HOK_Page_1-300x212.jpg 300w, http:\/\/www.duvisuel.ch\/toocoolforschool\/wp-content\/uploads\/2022\/03\/HOK_Page_1-768x543.jpg 768w, http:\/\/www.duvisuel.ch\/toocoolforschool\/wp-content\/uploads\/2022\/03\/HOK_Page_1-1536x1086.jpg 1536w, http:\/\/www.duvisuel.ch\/toocoolforschool\/wp-content\/uploads\/2022\/03\/HOK_Page_1-2048x1448.jpg 2048w\" sizes=\"auto, (max-width: 767px) 89vw, (max-width: 1000px) 54vw, (max-width: 1071px) 543px, 580px\" \/><\/a><figcaption>Alicia, Andrea, Antoine, Eytan, Jules, Klara, Lorenzo, Lorna, Marine, Maxime, Nikola\u00ef, Pauline, Thomas<\/figcaption><\/figure>\n\n\n\n<figure class=\"wp-block-image size-large\"><a href=\"http:\/\/www.duvisuel.ch\/toocoolforschool\/wp-content\/uploads\/2022\/03\/HOK_Page_2-scaled.jpg\"><img loading=\"lazy\" decoding=\"async\" width=\"1024\" height=\"724\" src=\"http:\/\/www.duvisuel.ch\/toocoolforschool\/wp-content\/uploads\/2022\/03\/HOK_Page_2-1024x724.jpg\" alt=\"\" class=\"wp-image-656\" srcset=\"http:\/\/www.duvisuel.ch\/toocoolforschool\/wp-content\/uploads\/2022\/03\/HOK_Page_2-1024x724.jpg 1024w, http:\/\/www.duvisuel.ch\/toocoolforschool\/wp-content\/uploads\/2022\/03\/HOK_Page_2-300x212.jpg 300w, http:\/\/www.duvisuel.ch\/toocoolforschool\/wp-content\/uploads\/2022\/03\/HOK_Page_2-768x543.jpg 768w, http:\/\/www.duvisuel.ch\/toocoolforschool\/wp-content\/uploads\/2022\/03\/HOK_Page_2-1536x1086.jpg 1536w, http:\/\/www.duvisuel.ch\/toocoolforschool\/wp-content\/uploads\/2022\/03\/HOK_Page_2-2048x1448.jpg 2048w\" sizes=\"auto, (max-width: 767px) 89vw, (max-width: 1000px) 54vw, (max-width: 1071px) 543px, 580px\" \/><\/a><\/figure>\n\n\n\n<p>3 classes du secondaire II ont \u00e9t\u00e9 invit\u00e9s \u00e0 repr\u00e9senter leur vision du bien et du mal de mani\u00e8re totalement libre &#8211; en essayant toutefois d&rsquo;appliquer la notion d&rsquo;all\u00e9gorie : la seule contrainte : utiliser de la peinture et  s&rsquo;abstenir de d\u00e9calquer une image existante. <\/p>\n","protected":false},"excerpt":{"rendered":"<p>3 classes du secondaire II ont \u00e9t\u00e9 invit\u00e9s \u00e0 repr\u00e9senter leur vision du bien et du mal de mani\u00e8re totalement libre &#8211; en essayant toutefois d&rsquo;appliquer la notion d&rsquo;all\u00e9gorie : la seule contrainte : utiliser de la peinture et s&rsquo;abstenir de d\u00e9calquer une image existante.<\/p>\n","protected":false},"author":1,"featured_media":0,"parent":0,"menu_order":0,"comment_status":"closed","ping_status":"closed","template":"","meta":{"footnotes":""},"class_list":["post-635","page","type-page","status-publish","hentry"],"_links":{"self":[{"href":"http:\/\/www.duvisuel.ch\/toocoolforschool\/wp-json\/wp\/v2\/pages\/635","targetHints":{"allow":["GET"]}}],"collection":[{"href":"http:\/\/www.duvisuel.ch\/toocoolforschool\/wp-json\/wp\/v2\/pages"}],"about":[{"href":"http:\/\/www.duvisuel.ch\/toocoolforschool\/wp-json\/wp\/v2\/types\/page"}],"author":[{"embeddable":true,"href":"http:\/\/www.duvisuel.ch\/toocoolforschool\/wp-json\/wp\/v2\/users\/1"}],"replies":[{"embeddable":true,"href":"http:\/\/www.duvisuel.ch\/toocoolforschool\/wp-json\/wp\/v2\/comments?post=635"}],"version-history":[{"count":7,"href":"http:\/\/www.duvisuel.ch\/toocoolforschool\/wp-json\/wp\/v2\/pages\/635\/revisions"}],"predecessor-version":[{"id":1157,"href":"http:\/\/www.duvisuel.ch\/toocoolforschool\/wp-json\/wp\/v2\/pages\/635\/revisions\/1157"}],"wp:attachment":[{"href":"http:\/\/www.duvisuel.ch\/toocoolforschool\/wp-json\/wp\/v2\/media?parent=635"}],"curies":[{"name":"wp","href":"https:\/\/api.w.org\/{rel}","templated":true}]}}